{"id":109,"date":"2016-12-14T09:45:44","date_gmt":"2016-12-14T08:45:44","guid":{"rendered":"http:\/\/www.kbs-schwyz.ch\/berufsschule\/?page_id=109"},"modified":"2026-03-11T08:54:28","modified_gmt":"2026-03-11T07:54:28","slug":"kommissionen","status":"publish","type":"page","link":"https:\/\/www.kbs-schwyz.ch\/berufsschule\/schule\/kommissionen\/","title":{"rendered":"Kommissionen"},"content":{"rendered":"<div id=\"pl-109\"  class=\"panel-layout\" ><div id=\"pg-109-0\"  class=\"panel-grid panel-no-style\" ><div id=\"pgc-109-0-0\"  class=\"panel-grid-cell\" ><div id=\"panel-109-0-0-0\" class=\"so-panel widget widget_sow-editor panel-first-child panel-last-child\" data-index=\"0\" ><div\n\t\t\t\n\t\t\tclass=\"so-widget-sow-editor so-widget-sow-editor-base\"\n\t\t\t\n\t\t><h3 class=\"widget-title\">Kommissionen f\u00fcr Berufsfachschulen<\/h3>\n<div class=\"siteorigin-widget-tinymce textwidget\">\n\t<ul>\n<li>Michael St\u00e4hli, Pr\u00e4sident, Vorsteher Bildungsdepartement<\/li>\n<li>J\u00fcrg Ehliger, Vizepr\u00e4sident, Leiter Amt f\u00fcr Berufsbildung<\/li>\n<li>Bettina Schnyder, Lehrbetriebsvertreterin KBL<\/li>\n<li>Remo Di Clemente, Rektor KBS<\/li>\n<li>Sascha Eng, Vertreter Verein Schwyzer Berufsschullehrkr\u00e4fte<\/li>\n<li>Roland Jost, Rektor BBZP<\/li>\n<li>Pascal K\u00e4lin, Rektor BBZG<\/li>\n<li>R\u00fcttimann Andreas, Lehrbetriebsvertreter BBZP<\/li>\n<li>Michael Schnieper, Lehrbetriebsvertreter KBS<\/li>\n<li>Patrick Jans, Vertreter Kantonal Schwyzerischer Gewerbeverband<\/li>\n<li>Diethelm Armin, Vertreter Handels- und Industrieverein<\/li>\n<li>Urs Vogt, Lehrbetriebsvertreter BBZG<\/li>\n<li>Martin Hofmann, Rektor KBL<\/li>\n<\/ul>\n<\/div>\n<\/div><\/div><\/div><div id=\"pgc-109-0-1\"  class=\"panel-grid-cell\" ><div id=\"panel-109-0-1-0\" class=\"so-panel widget widget_sow-editor panel-first-child panel-last-child\" data-index=\"1\" ><div\n\t\t\t\n\t\t\tclass=\"so-widget-sow-editor so-widget-sow-editor-base\"\n\t\t\t\n\t\t><h3 class=\"widget-title\">Kommission Qualifikationsverfahren<\/h3>\n<div class=\"siteorigin-widget-tinymce textwidget\">\n\t<ul>\n<li>J\u00fcrg Ehliger, Pr\u00e4sident, Leiter Amt f\u00fcr Berufsbildung<\/li>\n<li>Patrick Lisser, Vizepr\u00e4sident, Pr\u00fcfungsleiter Amt f\u00fcr Berufsbildung<\/li>\n<li>Regula Annen, Vertreterin Detailhandelsberufe<\/li>\n<li>Remo Di Clemente, Rektor KBS<\/li>\n<li>Bruno F\u00e4ssler, Vertreter Schreinerberufe<\/li>\n<li>Roman Iten, Vertreter Elektroberufe<\/li>\n<li>Pascal K\u00e4lin, Rektor BBZG<\/li>\n<li>Marty Thomas, Vertreter mechanische Berufe<\/li>\n<li>Cornelia Starlay, Vertreterin Kaufm\u00e4nnische Berufe<\/li>\n<li>Theo Pfyl, Vertreter Landwirtschaftsberufe<\/li>\n<\/ul>\n<\/div>\n<\/div><\/div><\/div><\/div><\/div>","protected":false},"excerpt":{"rendered":"<p>Michael St\u00e4hli, Pr\u00e4sident, Vorsteher Bildungsdepartement J\u00fcrg Ehliger, Vizepr\u00e4sident, Leiter Amt f\u00fcr Berufsbildung Bettina Schnyder, Lehrbetriebsvertreterin KBL Remo Di Clemente, Rektor KBS Sascha Eng, Vertreter Verein Schwyzer Berufsschullehrkr\u00e4fte Roland Jost, Rektor BBZP Pascal K\u00e4lin, Rektor BBZG R\u00fcttimann Andreas, Lehrbetriebsvertreter BBZP Michael <a class=\"more-link\" href=\"https:\/\/www.kbs-schwyz.ch\/berufsschule\/schule\/kommissionen\/\">weiterlesen&#8230;<\/a><\/p>\n","protected":false},"author":1,"featured_media":0,"parent":15,"menu_order":14,"comment_status":"closed","ping_status":"closed","template":"","meta":{"footnotes":""},"class_list":["post-109","page","type-page","status-publish","hentry"],"_links":{"self":[{"href":"https:\/\/www.kbs-schwyz.ch\/berufsschule\/wp-json\/wp\/v2\/pages\/109","targetHints":{"allow":["GET"]}}],"collection":[{"href":"https:\/\/www.kbs-schwyz.ch\/berufsschule\/wp-json\/wp\/v2\/pages"}],"about":[{"href":"https:\/\/www.kbs-schwyz.ch\/berufsschule\/wp-json\/wp\/v2\/types\/page"}],"author":[{"embeddable":true,"href":"https:\/\/www.kbs-schwyz.ch\/berufsschule\/wp-json\/wp\/v2\/users\/1"}],"replies":[{"embeddable":true,"href":"https:\/\/www.kbs-schwyz.ch\/berufsschule\/wp-json\/wp\/v2\/comments?post=109"}],"version-history":[{"count":16,"href":"https:\/\/www.kbs-schwyz.ch\/berufsschule\/wp-json\/wp\/v2\/pages\/109\/revisions"}],"predecessor-version":[{"id":5423,"href":"https:\/\/www.kbs-schwyz.ch\/berufsschule\/wp-json\/wp\/v2\/pages\/109\/revisions\/5423"}],"up":[{"embeddable":true,"href":"https:\/\/www.kbs-schwyz.ch\/berufsschule\/wp-json\/wp\/v2\/pages\/15"}],"wp:attachment":[{"href":"https:\/\/www.kbs-schwyz.ch\/berufsschule\/wp-json\/wp\/v2\/media?parent=109"}],"curies":[{"name":"wp","href":"https:\/\/api.w.org\/{rel}","templated":true}]}}