{"id":113,"date":"2016-12-14T09:46:08","date_gmt":"2016-12-14T08:46:08","guid":{"rendered":"http:\/\/www.kbs-schwyz.ch\/berufsschule\/?page_id=113"},"modified":"2025-11-18T09:06:48","modified_gmt":"2025-11-18T08:06:48","slug":"links","status":"publish","type":"page","link":"https:\/\/www.kbs-schwyz.ch\/berufsschule\/schule\/links\/","title":{"rendered":"Links"},"content":{"rendered":"<div id=\"pl-113\"  class=\"panel-layout\" ><div id=\"pg-113-0\"  class=\"panel-grid panel-no-style\" ><div id=\"pgc-113-0-0\"  class=\"panel-grid-cell\" ><div id=\"panel-113-0-0-0\" class=\"so-panel widget widget_sow-editor panel-first-child panel-last-child\" data-index=\"0\" ><div\n\t\t\t\n\t\t\tclass=\"so-widget-sow-editor so-widget-sow-editor-base\"\n\t\t\t\n\t\t><h3 class=\"widget-title\">Anlaufstellen<\/h3>\n<div class=\"siteorigin-widget-tinymce textwidget\">\n\t<p><img loading=\"lazy\" decoding=\"async\" class=\"alignnone size-full wp-image-255\" src=\"https:\/\/www.kbs-schwyz.ch\/berufsschule\/wp-content\/uploads\/2016\/08\/aufzaehlungspunkt-e1481745336902.jpg\" alt=\"\" width=\"10\" height=\"20\" \/> <a href=\"https:\/\/www.sz.ch\/behoerden\/staatskanzlei-departemente\/bildungsdepartement\/amt-fuer-berufsbildung\/berufsbildung.html\/72-416-387-380-2385-2442\" target=\"_blank\" rel=\"noopener\">Amt f\u00fcr Berufsbildung - Kanton Schwyz<\/a><br \/>\n<img loading=\"lazy\" decoding=\"async\" class=\"alignnone size-full wp-image-255\" src=\"https:\/\/www.kbs-schwyz.ch\/berufsschule\/wp-content\/uploads\/2016\/08\/aufzaehlungspunkt-e1481745336902.jpg\" alt=\"\" width=\"10\" height=\"20\" \/> <a href=\"https:\/\/www.berufsberatung.ch\" target=\"_blank\" rel=\"noopener\">Berufsberatung Schweiz<\/a><br \/>\n<img loading=\"lazy\" decoding=\"async\" class=\"alignnone size-full wp-image-255\" src=\"https:\/\/www.kbs-schwyz.ch\/berufsschule\/wp-content\/uploads\/2016\/08\/aufzaehlungspunkt-e1481745336902.jpg\" alt=\"\" width=\"10\" height=\"20\" \/> <a href=\"https:\/\/www.educa.ch\/de\" target=\"_blank\" rel=\"noopener\">Bildungsserver der Schweizer Schulen<\/a><br \/>\n<img loading=\"lazy\" decoding=\"async\" class=\"alignnone size-full wp-image-255\" src=\"https:\/\/www.kbs-schwyz.ch\/berufsschule\/wp-content\/uploads\/2016\/08\/aufzaehlungspunkt-e1481745336902.jpg\" alt=\"\" width=\"10\" height=\"20\" \/> <a href=\"https:\/\/www.igkg-sz.ch\" target=\"_blank\" rel=\"noopener\">IG Kaufm\u00e4nnische Grundbildung Schwyz<\/a><br \/>\n<img loading=\"lazy\" decoding=\"async\" class=\"alignnone size-full wp-image-255\" src=\"https:\/\/www.kbs-schwyz.ch\/berufsschule\/wp-content\/uploads\/2016\/08\/aufzaehlungspunkt-e1481745336902.jpg\" alt=\"\" width=\"10\" height=\"20\" \/> <a href=\"https:\/\/www.igkg.ch\/de\" target=\"_blank\" rel=\"noopener\">IG Kaufm\u00e4nnische Grundbildung Schweiz<\/a><br \/>\n<img loading=\"lazy\" decoding=\"async\" class=\"alignnone size-full wp-image-255\" src=\"https:\/\/www.kbs-schwyz.ch\/berufsschule\/wp-content\/uploads\/2016\/08\/aufzaehlungspunkt-e1481745336902.jpg\" alt=\"\" width=\"10\" height=\"20\" \/> <a href=\"https:\/\/www.kfmv.ch\/\" target=\"_blank\" rel=\"noopener\">Kaufm. Verband Schweiz, KV Schweiz<\/a><br \/>\n<img loading=\"lazy\" decoding=\"async\" class=\"alignnone size-full wp-image-255\" src=\"https:\/\/www.kbs-schwyz.ch\/berufsschule\/wp-content\/uploads\/2016\/08\/aufzaehlungspunkt-e1481745336902.jpg\" alt=\"\" width=\"10\" height=\"20\" \/> <a href=\"https:\/\/www.skkbs-csepc.ch\/\" target=\"_blank\" rel=\"noopener\">Schweiz. Konferenz kaufm. Berufsschulen<\/a><br \/>\n<img loading=\"lazy\" decoding=\"async\" class=\"alignnone size-full wp-image-255\" src=\"https:\/\/www.kbs-schwyz.ch\/berufsschule\/wp-content\/uploads\/2016\/08\/aufzaehlungspunkt-e1481745336902.jpg\" alt=\"\" width=\"10\" height=\"20\" \/> <a href=\"https:\/\/www.eun.org\/\" target=\"_blank\" rel=\"noopener\">Europ\u00e4isches Schulnetz<\/a><br \/>\n<img loading=\"lazy\" decoding=\"async\" class=\"alignnone size-full wp-image-255\" src=\"https:\/\/www.kbs-schwyz.ch\/berufsschule\/wp-content\/uploads\/2016\/08\/aufzaehlungspunkt-e1481745336902.jpg\" alt=\"\" width=\"10\" height=\"20\" \/> <a href=\"https:\/\/www.ostendis.ch\/\" target=\"_blank\" rel=\"noopener\">Bewerbungssystem Ostendis<\/a><br \/>\n<img loading=\"lazy\" decoding=\"async\" class=\"alignnone size-full wp-image-255\" src=\"https:\/\/www.kbs-schwyz.ch\/berufsschule\/wp-content\/uploads\/2016\/08\/aufzaehlungspunkt-e1481745336902.jpg\" alt=\"\" width=\"10\" height=\"20\" \/> <a href=\"https:\/\/www.fotos-fuers-leben.ch\/fotokurs\/anfaengerfehler-bewerbungsbilder-selbst-aufnehmen\/\" target=\"_blank\" rel=\"noopener\">Bewerbungsfoto - Fotos f\u00fcr Leben<br \/>\n<\/a><img loading=\"lazy\" decoding=\"async\" class=\"alignnone size-full wp-image-255\" src=\"https:\/\/www.kbs-schwyz.ch\/berufsschule\/wp-content\/uploads\/2016\/08\/aufzaehlungspunkt-e1481745336902.jpg\" alt=\"\" width=\"10\" height=\"20\" \/> <a href=\"https:\/\/www.c-and-a.com\/ch\/de\/shop\/guide-berufseinstieg\" target=\"_blank\" rel=\"noopener\">Ratgeber \"Richtig Bewerben\"\u00a0<\/a><br \/>\n<img loading=\"lazy\" decoding=\"async\" class=\"alignnone size-full wp-image-255\" src=\"https:\/\/www.kbs-schwyz.ch\/berufsschule\/wp-content\/uploads\/2016\/08\/aufzaehlungspunkt-e1481745336902.jpg\" alt=\"\" width=\"10\" height=\"20\" \/> <a href=\"https:\/\/www.gateway.one\/de-CH\/berufswahl\/berufe-von-a-z.html\" target=\"_blank\" rel=\"noopener\">Berufsbilder<\/a><br \/>\n<img loading=\"lazy\" decoding=\"async\" class=\"alignnone size-full wp-image-255\" src=\"https:\/\/www.kbs-schwyz.ch\/berufsschule\/wp-content\/uploads\/2016\/08\/aufzaehlungspunkt-e1481745336902.jpg\" alt=\"\" width=\"10\" height=\"20\" \/> <a href=\"https:\/\/www.berufskatalog.ch\/\" target=\"_blank\" rel=\"noopener\">Berufskatalog<\/a><br \/>\n<img loading=\"lazy\" decoding=\"async\" class=\"alignnone size-full wp-image-255\" src=\"https:\/\/www.kbs-schwyz.ch\/berufsschule\/wp-content\/uploads\/2016\/08\/aufzaehlungspunkt-e1481745336902.jpg\" alt=\"\" width=\"10\" height=\"20\" \/> <a href=\"http:\/\/www.schulweb.ch\/\" target=\"_blank\" rel=\"noopener\">Schulweb - der schweiz. Bildungsf\u00fchrer<\/a><br \/>\n<img loading=\"lazy\" decoding=\"async\" class=\"alignnone size-full wp-image-255\" src=\"https:\/\/www.kbs-schwyz.ch\/berufsschule\/wp-content\/uploads\/2016\/08\/aufzaehlungspunkt-e1481745336902.jpg\" alt=\"\" width=\"10\" height=\"20\" \/> <a href=\"https:\/\/www.arbeitgeber.ch\/\" target=\"_blank\" rel=\"noopener\">Schweiz. Arbeitgeber u. Gewerbeverband <\/a><br \/>\n<img loading=\"lazy\" decoding=\"async\" class=\"alignnone size-full wp-image-255\" src=\"https:\/\/www.kbs-schwyz.ch\/berufsschule\/wp-content\/uploads\/2016\/08\/aufzaehlungspunkt-e1481745336902.jpg\" alt=\"\" width=\"10\" height=\"20\" \/> <a href=\"https:\/\/www.bildungsserver.de\/\" target=\"_blank\" rel=\"noopener\">Deutscher Bildungsserver<\/a><br \/>\n<img loading=\"lazy\" decoding=\"async\" class=\"alignnone size-full wp-image-255\" src=\"https:\/\/www.kbs-schwyz.ch\/berufsschule\/wp-content\/uploads\/2016\/08\/aufzaehlungspunkt-e1481745336902.jpg\" alt=\"\" width=\"10\" height=\"20\" \/> <a href=\"https:\/\/www.bfschwyz.ch\/\" target=\"_blank\" rel=\"noopener\">bf Bildungsfonds KV Schwyz<\/a><br \/>\n<img loading=\"lazy\" decoding=\"async\" class=\"alignnone size-full wp-image-255\" src=\"https:\/\/www.kbs-schwyz.ch\/berufsschule\/wp-content\/uploads\/2016\/08\/aufzaehlungspunkt-e1481745336902.jpg\" alt=\"\" width=\"10\" height=\"20\" \/> <a href=\"https:\/\/www.sz.ch\/privatpersonen\/bildung-schulen-sport\/berufs-studien-und-laufbahnberatung\/berufsberatung-studienberatung.html\/72-512-468-467-8032\" target=\"_blank\" rel=\"noopener\">Berufs-, Studien- und Laufbahnberatung<\/a><\/p>\n<h1><\/h1>\n<\/div>\n<\/div><\/div><\/div><div id=\"pgc-113-0-1\"  class=\"panel-grid-cell\" ><div id=\"panel-113-0-1-0\" class=\"so-panel widget widget_sow-editor panel-first-child panel-last-child\" data-index=\"1\" ><div\n\t\t\t\n\t\t\tclass=\"so-widget-sow-editor so-widget-sow-editor-base\"\n\t\t\t\n\t\t><h3 class=\"widget-title\">Bund<\/h3>\n<div class=\"siteorigin-widget-tinymce textwidget\">\n\t<p><img loading=\"lazy\" decoding=\"async\" class=\"alignnone size-full wp-image-255\" src=\"https:\/\/www.kbs-schwyz.ch\/berufsschule\/wp-content\/uploads\/2016\/08\/aufzaehlungspunkt-e1481745336902.jpg\" alt=\"\" width=\"10\" height=\"20\" \/> <a href=\"https:\/\/www.bfs.admin.ch\/bfs\/de\/home.html\" target=\"_blank\" rel=\"noopener\">Bundesamt f\u00fcr Statistik<\/a><br \/>\n<img loading=\"lazy\" decoding=\"async\" class=\"alignnone size-full wp-image-255\" src=\"https:\/\/www.kbs-schwyz.ch\/berufsschule\/wp-content\/uploads\/2016\/08\/aufzaehlungspunkt-e1481745336902.jpg\" alt=\"\" width=\"10\" height=\"20\" \/> <a href=\"https:\/\/www.admin.ch\" target=\"_blank\" rel=\"noopener\">Bundeshaus\/Bundesbeh\u00f6rden<\/a><br \/>\n<img loading=\"lazy\" decoding=\"async\" class=\"alignnone size-full wp-image-255\" src=\"https:\/\/www.kbs-schwyz.ch\/berufsschule\/wp-content\/uploads\/2016\/08\/aufzaehlungspunkt-e1481745336902.jpg\" alt=\"\" width=\"10\" height=\"20\" \/> <a href=\"https:\/\/www.gesetze.ch\/\" target=\"_blank\" rel=\"noopener\">Schweizerische Gesetzessammlung<\/a><br \/>\n<img loading=\"lazy\" decoding=\"async\" class=\"alignnone size-full wp-image-255\" src=\"https:\/\/www.kbs-schwyz.ch\/berufsschule\/wp-content\/uploads\/2016\/08\/aufzaehlungspunkt-e1481745336902.jpg\" alt=\"\" width=\"10\" height=\"20\" \/> <a href=\"https:\/\/www.sbfi.admin.ch\/sbfi\/de\/home.html\" target=\"_blank\" rel=\"noopener\">Staatssekr. Bildung, Forschung u. Innovation<\/a><br \/>\n<img loading=\"lazy\" decoding=\"async\" class=\"alignnone size-full wp-image-255\" src=\"https:\/\/www.kbs-schwyz.ch\/berufsschule\/wp-content\/uploads\/2016\/08\/aufzaehlungspunkt-e1481745336902.jpg\" alt=\"\" width=\"10\" height=\"20\" \/> <a href=\"https:\/\/www.bger.ch\/\" target=\"_blank\" rel=\"noopener\">Schweizer Bundesgericht<\/a><br \/>\n<img loading=\"lazy\" decoding=\"async\" class=\"alignnone size-full wp-image-255\" src=\"https:\/\/www.kbs-schwyz.ch\/berufsschule\/wp-content\/uploads\/2016\/08\/aufzaehlungspunkt-e1481745336902.jpg\" alt=\"\" width=\"10\" height=\"20\" \/> <a href=\"https:\/\/www.admin.ch\/gov\/de\/start\/bundesrecht.html\" target=\"_blank\" rel=\"noopener\">System. Sammlung des Bundesrechts<\/a><\/p>\n<\/div>\n<\/div><\/div><\/div><\/div><div id=\"pg-113-1\"  class=\"panel-grid panel-no-style\" ><div id=\"pgc-113-1-0\"  class=\"panel-grid-cell\" ><div id=\"panel-113-1-0-0\" class=\"so-panel widget widget_sow-editor panel-first-child panel-last-child\" data-index=\"2\" ><div\n\t\t\t\n\t\t\tclass=\"so-widget-sow-editor so-widget-sow-editor-base\"\n\t\t\t\n\t\t><h3 class=\"widget-title\">Kaufm\u00e4nnische Bildung<\/h3>\n<div class=\"siteorigin-widget-tinymce textwidget\">\n\t<p><strong><img loading=\"lazy\" decoding=\"async\" class=\"alignnone size-full wp-image-255\" src=\"https:\/\/www.kbs-schwyz.ch\/berufsschule\/wp-content\/uploads\/2016\/08\/aufzaehlungspunkt-e1481745336902.jpg\" alt=\"\" width=\"10\" height=\"20\" \/><\/strong> <a href=\"https:\/\/www.die-reform.ch\" target=\"_blank\" rel=\"noopener\">Die Reform (KV und DH)<\/a><br \/>\n<img loading=\"lazy\" decoding=\"async\" class=\"alignnone size-full wp-image-255\" src=\"https:\/\/www.kbs-schwyz.ch\/berufsschule\/wp-content\/uploads\/2016\/08\/aufzaehlungspunkt-e1481745336902.jpg\" alt=\"\" width=\"10\" height=\"20\" \/> <a href=\"http:\/\/www.rkg.ch\/\" target=\"_blank\" rel=\"noopener\">Kaufm\u00e4nnische Grundbildung EFZ<\/a><br \/>\n<img loading=\"lazy\" decoding=\"async\" class=\"alignnone size-full wp-image-255\" src=\"https:\/\/www.kbs-schwyz.ch\/berufsschule\/wp-content\/uploads\/2016\/08\/aufzaehlungspunkt-e1481745336902.jpg\" alt=\"\" width=\"10\" height=\"20\" \/> <a href=\"http:\/\/www.klv.ch\/content\/9-lapqv-downloads\" target=\"_blank\" rel=\"noopener\">LAP\/QV f\u00fcr Kaufleute<\/a><br \/>\n<img loading=\"lazy\" decoding=\"async\" class=\"alignnone size-full wp-image-255\" src=\"https:\/\/www.kbs-schwyz.ch\/berufsschule\/wp-content\/uploads\/2016\/08\/aufzaehlungspunkt-e1481745336902.jpg\" alt=\"\" width=\"10\" height=\"20\" \/> <a href=\"https:\/\/www.wings.ch\/alle-%C3%BCbungen-der-woche-alle-%C3%BCbungen-des-monats\" target=\"_blank\" rel=\"noopener\">Wings - \u00dcbung der Woche <\/a><br \/>\n<img loading=\"lazy\" decoding=\"async\" class=\"alignnone size-full wp-image-255\" src=\"https:\/\/www.kbs-schwyz.ch\/berufsschule\/wp-content\/uploads\/2016\/08\/aufzaehlungspunkt-e1481745336902.jpg\" alt=\"\" width=\"10\" height=\"20\" \/> <a href=\"https:\/\/www.bildungsprofi.ch\/\" target=\"_blank\" rel=\"noopener\">Bildungsprofi<\/a><\/p>\n<\/div>\n<\/div><\/div><\/div><div id=\"pgc-113-1-1\"  class=\"panel-grid-cell\" ><div id=\"panel-113-1-1-0\" class=\"so-panel widget widget_sow-editor panel-first-child panel-last-child\" data-index=\"3\" ><div\n\t\t\t\n\t\t\tclass=\"so-widget-sow-editor so-widget-sow-editor-base\"\n\t\t\t\n\t\t><h3 class=\"widget-title\">Bildung Detailhandel<\/h3>\n<div class=\"siteorigin-widget-tinymce textwidget\">\n\t<p><strong><img loading=\"lazy\" decoding=\"async\" class=\"alignnone size-full wp-image-255\" src=\"https:\/\/www.kbs-schwyz.ch\/berufsschule\/wp-content\/uploads\/2016\/08\/aufzaehlungspunkt-e1481745336902.jpg\" alt=\"\" width=\"10\" height=\"20\" \/><\/strong> <a href=\"https:\/\/www.die-reform.ch\" target=\"_blank\" rel=\"noopener\">Die Reform (KV und DH)<\/a><br \/>\n<img loading=\"lazy\" decoding=\"async\" class=\"alignnone size-full wp-image-255\" src=\"https:\/\/www.kbs-schwyz.ch\/berufsschule\/wp-content\/uploads\/2016\/08\/aufzaehlungspunkt-e1481745336902.jpg\" alt=\"\" width=\"10\" height=\"20\" \/> <a href=\"https:\/\/www.berufsbildungplus.ch\/\" target=\"_blank\" rel=\"noopener\">Berufsbildung Plus<\/a><br \/>\n<img loading=\"lazy\" decoding=\"async\" class=\"alignnone size-full wp-image-255\" src=\"https:\/\/www.kbs-schwyz.ch\/berufsschule\/wp-content\/uploads\/2016\/08\/aufzaehlungspunkt-e1481745336902.jpg\" alt=\"\" width=\"10\" height=\"20\" \/> <a href=\"https:\/\/www.bds-fcs.ch\/\" target=\"_blank\" rel=\"noopener\">Bildung Detailhandel Schweiz<\/a><br \/>\n<img loading=\"lazy\" decoding=\"async\" class=\"alignnone size-full wp-image-255\" src=\"https:\/\/www.kbs-schwyz.ch\/berufsschule\/wp-content\/uploads\/2016\/08\/aufzaehlungspunkt-e1481745336902.jpg\" alt=\"\" width=\"10\" height=\"20\" \/> <a href=\"https:\/\/www.alt.bds-fcs.ch\/\" target=\"_blank\" rel=\"noopener\">Verschiedene Branchen im Detailhandel<\/a><br \/>\n<img loading=\"lazy\" decoding=\"async\" class=\"alignnone size-full wp-image-255\" src=\"https:\/\/www.kbs-schwyz.ch\/berufsschule\/wp-content\/uploads\/2016\/08\/aufzaehlungspunkt-e1481745336902.jpg\" alt=\"\" width=\"10\" height=\"20\" \/> <a href=\"https:\/\/www.ostendis.ch\/\" target=\"_blank\" rel=\"noopener\">Bewerbungssystem Ostendis<\/a><\/p>\n<\/div>\n<\/div><\/div><\/div><\/div><\/div>","protected":false},"excerpt":{"rendered":"<p>Amt f\u00fcr Berufsbildung &#8211; Kanton Schwyz Berufsberatung Schweiz Bildungsserver der Schweizer Schulen IG Kaufm\u00e4nnische Grundbildung Schwyz IG Kaufm\u00e4nnische Grundbildung Schweiz Kaufm. Verband Schweiz, KV Schweiz Schweiz. Konferenz kaufm. Berufsschulen Europ\u00e4isches Schulnetz Bewerbungssystem Ostendis Bewerbungsfoto &#8211; Fotos f\u00fcr Leben Ratgeber &#8222;Richtig <a class=\"more-link\" href=\"https:\/\/www.kbs-schwyz.ch\/berufsschule\/schule\/links\/\">weiterlesen&#8230;<\/a><\/p>\n","protected":false},"author":1,"featured_media":0,"parent":15,"menu_order":16,"comment_status":"closed","ping_status":"closed","template":"","meta":{"footnotes":""},"class_list":["post-113","page","type-page","status-publish","hentry"],"_links":{"self":[{"href":"https:\/\/www.kbs-schwyz.ch\/berufsschule\/wp-json\/wp\/v2\/pages\/113","targetHints":{"allow":["GET"]}}],"collection":[{"href":"https:\/\/www.kbs-schwyz.ch\/berufsschule\/wp-json\/wp\/v2\/pages"}],"about":[{"href":"https:\/\/www.kbs-schwyz.ch\/berufsschule\/wp-json\/wp\/v2\/types\/page"}],"author":[{"embeddable":true,"href":"https:\/\/www.kbs-schwyz.ch\/berufsschule\/wp-json\/wp\/v2\/users\/1"}],"replies":[{"embeddable":true,"href":"https:\/\/www.kbs-schwyz.ch\/berufsschule\/wp-json\/wp\/v2\/comments?post=113"}],"version-history":[{"count":60,"href":"https:\/\/www.kbs-schwyz.ch\/berufsschule\/wp-json\/wp\/v2\/pages\/113\/revisions"}],"predecessor-version":[{"id":5351,"href":"https:\/\/www.kbs-schwyz.ch\/berufsschule\/wp-json\/wp\/v2\/pages\/113\/revisions\/5351"}],"up":[{"embeddable":true,"href":"https:\/\/www.kbs-schwyz.ch\/berufsschule\/wp-json\/wp\/v2\/pages\/15"}],"wp:attachment":[{"href":"https:\/\/www.kbs-schwyz.ch\/berufsschule\/wp-json\/wp\/v2\/media?parent=113"}],"curies":[{"name":"wp","href":"https:\/\/api.w.org\/{rel}","templated":true}]}}