{"id":17,"date":"2016-05-14T12:05:10","date_gmt":"2016-05-14T10:05:10","guid":{"rendered":"http:\/\/www.kbs-schwyz.ch\/berufsschule\/?page_id=17"},"modified":"2026-04-22T15:00:40","modified_gmt":"2026-04-22T13:00:40","slug":"aktuelles","status":"publish","type":"page","link":"https:\/\/www.kbs-schwyz.ch\/berufsschule\/aktuelles\/","title":{"rendered":"Aktuelles"},"content":{"rendered":"<div id=\"pl-17\"  class=\"panel-layout\" ><div id=\"pg-17-0\"  class=\"panel-grid panel-no-style\" ><div id=\"pgc-17-0-0\"  class=\"panel-grid-cell panel-grid-cell-mobile-last\" ><div id=\"panel-17-0-0-0\" class=\"so-panel widget widget_sow-editor panel-first-child panel-last-child\" data-index=\"0\" ><div\n\t\t\t\n\t\t\tclass=\"so-widget-sow-editor so-widget-sow-editor-base\"\n\t\t\t\n\t\t><h3 class=\"widget-title\">Volleyballturnier KBS 2026 \u2013 Ein Abend voller Sport, Teamgeist und Fairplay Schwyz, 17. April 2026<\/h3>\n<div class=\"siteorigin-widget-tinymce textwidget\">\n\t<p>Liebe Teilnehmerinnen und Teilnehmer, liebe Helferinnen und Helfer \u2013 <strong>das war ein toller Abend!<br \/>\n<\/strong>Das Volleyballturnier KBS 2026 ist wieder einmal ein voller Erfolg gewesen, und das ist vor allem Ihr Verdienst.<br \/>\nIn der Kollegi-Turnhalle Schwyz maassen sich rund 60 Teilnehmerinnen und Teilnehmer in zw\u00f6lf Mannschaften.<br \/>\nBesonders erfreulich: Lehrpersonen spielten gemeinsam mit ihren Lernenden, das f\u00fcr ausgezeichnete Stimmung sorgte.<br \/>\nFaire Spiele und vorbildliches Verhalten aller Beteiligten pr\u00e4gten den gesamten Abend.<br \/>\nIn der Vorrunde dominierte <em>Karrieresprungbrett<\/em> Gruppe A mit 15 Punkten, w\u00e4hrend <em>M Tres<\/em> Gruppe B knapp vor <em>Was f\u00fcr ne Bude<\/em> gewann.<br \/>\nDie K.o.-Phase wurde bis und mit den Halbfinals auf Zeit ausgetragen.<br \/>\nIn den Halbfinals setzte sich <em>Karrieresprungbrett<\/em> mit 26:19 gegen <em>Antilopen<\/em> durch, <em>M Tres<\/em> bezwang <em>Was f\u00fcr ne Bude<\/em> knapp mit 21:19.<br \/>\nDen Bronzerang sicherten sich die <em>Antilopen<\/em> mit 25:20.<br \/>\nDas Final \u2013 ebenfalls auf einen Satz ausgespielt \u2013 lieferte ein klares Bild: <em>Karrieresprungbrett<\/em> kr\u00f6nte sich mit <strong>25:13<\/strong> gegen <em>M Tres<\/em> zum verdienten Turniersieger.<br \/>\nGegen 23:30 Uhr fand ein unvergesslicher Abend seinen Abschluss.<\/p>\n<p><strong>Schlussrangliste:<\/strong> 1. Platz: Karrieresprungbrett | 2. Platz: M Tres | 3. Platz: Antilopen<\/p>\n<p>Ein grosses Dankesch\u00f6n gilt allen Teams, die mit vollem Einsatz und grossem Sportsgeist dabei waren, den freiwilligen Helferinnen und Helfern, die hinter den Kulissen f\u00fcr einen reibungslosen Ablauf gesorgt haben, sowie allen, die zum positiven Geist dieses Abends beigetragen haben. Solche Anl\u00e4sse leben von Menschen wie Ihnen \u2013 wir freuen uns schon jetzt auf das n\u00e4chste Jahr!\u00bb<\/p>\n\n<\/div>\n<\/div><\/div><\/div><div id=\"pgc-17-0-1\"  class=\"panel-grid-cell panel-grid-cell-empty\" ><\/div><\/div><div id=\"pg-17-1\"  class=\"panel-grid panel-no-style\" ><div id=\"pgc-17-1-0\"  class=\"panel-grid-cell\" ><div id=\"panel-17-1-0-0\" class=\"so-panel widget widget_sow-editor panel-first-child\" data-index=\"1\" ><div\n\t\t\t\n\t\t\tclass=\"so-widget-sow-editor so-widget-sow-editor-base\"\n\t\t\t\n\t\t><h3 class=\"widget-title\">Lehrabschlussfeier 2025<\/h3>\n<div class=\"siteorigin-widget-tinymce textwidget\">\n\t<p>Am Freitag, 27.6.2025 feierten Absolventinnen und Absolventen der Kaufm\u00e4nnischen Berufsschule Schwyz ihren erfolgreichen Lehrabschluss. Im komplett gef\u00fcllten Saal des Mythen-Forums durften insgesamt alle 99 Absolventinnen und Absolventen der Kaufm\u00e4nnischen Berufsschule Schwyz (KBS) ihren Lehrabschluss feiern.<\/p>\n<ul style=\"list-style-type: square;\">\n<li><a href=\"https:\/\/www.kbs-schwyz.ch\/berufsschule\/wp-content\/uploads\/Bote-Bericht-QV-Feier-2025.pdf\" target=\"_blank\" rel=\"noopener\">Zeitungsbericht Bote der Urschweiz<\/a><\/li>\n<\/ul>\n<\/div>\n<\/div><\/div><div id=\"panel-17-1-0-1\" class=\"so-panel widget widget_sow-editor panel-last-child\" data-index=\"2\" ><div\n\t\t\t\n\t\t\tclass=\"so-widget-sow-editor so-widget-sow-editor-base\"\n\t\t\t\n\t\t>\n<div class=\"siteorigin-widget-tinymce textwidget\">\n\t<div class=\"n2_ss_slider_publish__option_code\" dir=\"ltr\" data-mode=\"id\"><\/div>\n<\/div>\n<\/div><\/div><\/div><div id=\"pgc-17-1-1\"  class=\"panel-grid-cell\" ><div id=\"panel-17-1-1-0\" class=\"so-panel widget widget_media_video panel-first-child panel-last-child\" data-index=\"3\" ><div style=\"width:100%;\" class=\"wp-video\"><video class=\"wp-video-shortcode\" id=\"video-17-1\" preload=\"metadata\" controls=\"controls\"><source type=\"video\/mp4\" src=\"https:\/\/www.kbs-schwyz.ch\/berufsschule\/wp-content\/uploads\/WhatsApp-Video-2025-06-27-um-18.16.13_ba7a6756.mp4?_=1\" \/><source type=\"video\/mp4\" src=\"https:\/\/www.kbs-schwyz.ch\/berufsschule\/wp-content\/uploads\/WhatsApp-Video-2025-06-27-um-18.16.13_ba7a6756.mp4?_=1\" \/><a href=\"https:\/\/www.kbs-schwyz.ch\/berufsschule\/wp-content\/uploads\/WhatsApp-Video-2025-06-27-um-18.16.13_ba7a6756.mp4\">https:\/\/www.kbs-schwyz.ch\/berufsschule\/wp-content\/uploads\/WhatsApp-Video-2025-06-27-um-18.16.13_ba7a6756.mp4<\/a><\/video><\/div><\/div><\/div><\/div><div id=\"pg-17-2\"  class=\"panel-grid panel-no-style\" ><div id=\"pgc-17-2-0\"  class=\"panel-grid-cell\" ><div id=\"panel-17-2-0-0\" class=\"so-panel widget widget_sow-editor panel-first-child panel-last-child\" data-index=\"4\" ><div\n\t\t\t\n\t\t\tclass=\"so-widget-sow-editor so-widget-sow-editor-base\"\n\t\t\t\n\t\t><h3 class=\"widget-title\">Schweizer Meisterschaft Fussball Herren<\/h3>\n<div class=\"siteorigin-widget-tinymce textwidget\">\n\t<p><strong>An den von der Kaufm\u00e4nnischen Berufsschule Schwyz organisierten Schweizermeisterschaften Fussball Herren am Mittwoch, 18. Juni 2025, setzte sich die Mannschaft von WSKV Winterthur knapp mit 1:0 gegen WMS Reinach durch. Das Spiel um den dritten Platz gewann die BS Aarau mit 2:0 gegen BBZ Schaffhausen.<\/strong><\/p>\n<p>Im Wintersried in Ibach\/Schwyz haben 15 Teams verschiedenen Berufsfachschulen gemessen und um den Schweizer Meistertitel der Berufsfachschulen gespielt. 188 Teilnehmende erlebten ein Turnier auf hohem Niveau bei hervorragenden \u00e4usseren Bedingungen. Es wurde am Morgen in vier Gruppen die Vorrunde ausgetragen. Am Nachmittag fanden dann die Platzierungs- und Finalspiele statt.<\/p>\n<p>Das Team der KBS Schwyz starte als Titelverteidiger mit 3 Siegen und dem 1. Gruppenplatz hervorragend ins Turnier. Nach zwei gewichtigen Ausf\u00e4llen konnte man am Nachmittag nicht mehr auf dem gleichen Niveau weiterspielen. Man verlor im Viertelfinal knapp 1: 0 gegen den neuen Schweizer Meister WSKV Winterthur und man musste sich schliesslich mit dem guten 6 Rang zufrieden geben. Das Team des BBZ Goldau konnte ebenfalls am Morgen mit dem 2. Gruppenplatz \u00fcberzeugen und scheiterte ebenfalls im Viertelfinal mit 1:0 gegen den zweiten des Turniers und belegt am Ende den 8. Rang.<\/p>\n<p>Herzlichen Dank dem Sponsor Meli Sport AG, die Verpflegung im Restaurant Time Out, den Helfern Samariterverein Schwyz, Sportanlage Wintersried Ibach und den 4 Schiedsrichtern. Sie alle erm\u00f6glichten einen reibungslosen und erfolgreichen Ablauf des Turniers.<\/p>\n<\/div>\n<\/div><\/div><\/div><div id=\"pgc-17-2-1\"  class=\"panel-grid-cell\" ><div id=\"panel-17-2-1-0\" class=\"so-panel widget widget_sow-editor panel-first-child panel-last-child\" data-index=\"5\" ><div\n\t\t\t\n\t\t\tclass=\"so-widget-sow-editor so-widget-sow-editor-base\"\n\t\t\t\n\t\t>\n<div class=\"siteorigin-widget-tinymce textwidget\">\n\t<p><img loading=\"lazy\" decoding=\"async\" class=\"wp-image-4941 alignright\" src=\"https:\/\/www.kbs-schwyz.ch\/berufsschule\/wp-content\/uploads\/logo-gross.jpg\" alt=\"\" width=\"331\" height=\"216\" srcset=\"https:\/\/www.kbs-schwyz.ch\/berufsschule\/wp-content\/uploads\/logo-gross.jpg 500w, https:\/\/www.kbs-schwyz.ch\/berufsschule\/wp-content\/uploads\/logo-gross-300x196.jpg 300w\" sizes=\"auto, (max-width: 331px) 100vw, 331px\" \/><\/p>\n<\/div>\n<\/div><\/div><\/div><\/div><div id=\"pg-17-3\"  class=\"panel-grid panel-no-style\" ><div id=\"pgc-17-3-0\"  class=\"panel-grid-cell\" ><div id=\"panel-17-3-0-0\" class=\"so-panel widget widget_sow-editor panel-first-child panel-last-child\" data-index=\"6\" ><div\n\t\t\t\n\t\t\tclass=\"so-widget-sow-editor so-widget-sow-editor-base\"\n\t\t\t\n\t\t>\n<div class=\"siteorigin-widget-tinymce textwidget\">\n\t<ul>\n<li><a href=\"https:\/\/www.kbs-schwyz.ch\/berufsschule\/wp-content\/uploads\/Spielplan-Vorrunde.pdf\" target=\"_blank\" rel=\"noopener\">Spielplan Vorrunde<\/a><\/li>\n<li><a href=\"https:\/\/www.kbs-schwyz.ch\/berufsschule\/wp-content\/uploads\/Spielplan-Finalrunde.pdf\" target=\"_blank\" rel=\"noopener\">Spielplan Finalrunde und Rangliste<\/a><\/li>\n<\/ul>\n\n<\/div>\n<\/div><\/div><\/div><\/div><div id=\"pg-17-4\"  class=\"panel-grid panel-no-style\" ><div id=\"pgc-17-4-0\"  class=\"panel-grid-cell\" ><div id=\"panel-17-4-0-0\" class=\"so-panel widget widget_sow-editor panel-first-child panel-last-child\" data-index=\"7\" ><div\n\t\t\t\n\t\t\tclass=\"so-widget-sow-editor so-widget-sow-editor-base\"\n\t\t\t\n\t\t><h3 class=\"widget-title\">Lernender der Victorinox siegt an regionaler Berufsmeisterschaft Detailhandel<\/h3>\n<div class=\"siteorigin-widget-tinymce textwidget\">\n\t<p>Am Mittwoch, 18. Juni, zeigten die Detailhandelsfachleute vom 2. Lehrjahr ihr K\u00f6nnen an der regionalen Berufsmeisterschaft im Mythen-Center. Organisiert wurde der Event von der Kaufm\u00e4nnischen Berufsschule Schwyz. 17 Lernende aus den umliegenden Kantonen traten an, um ihr K\u00f6nnen zu zeigen. Eine Jury bewertete ihr Fachwissen beim Verkauf ihrer Produkte an eine Kundin. Unterbrochen wurde das 15-min\u00fctige Verkaufsgespr\u00e4ch von einer Englisch-sprachigen Person, welche sich noch Informationen holen wollte oder einen Zwischenkauf t\u00e4tigte. Die Lernenden waren also gefordert, und mit Bravour meisterten sie ihre Aufgabe.<\/p>\n<p>Von der Kaufm\u00e4nnischen Berufsschule Schwyz waren zwei Teilnehmende dabei, welche sich in der internen Ausscheidung an der Schule durchgesetzt hatten: Julia Blaser von der Conditorei Schelbert und Samuel Fender von der Victorinox. Sie meisterten ihre Aufgabe hervorragend. Dass am Ende des Tages Samuel Fender zuoberst auf der Siegertreppe stehen durfte, war f\u00fcr ihn, sein Gesch\u00e4ft und auch die Schule eine grosse Freude, zeugt es doch von viel Fleiss und von solider Ausbildungsarbeit.<\/p>\n<\/div>\n<\/div><\/div><\/div><\/div><div id=\"pg-17-5\"  class=\"panel-grid panel-no-style\" ><div id=\"pgc-17-5-0\"  class=\"panel-grid-cell\" ><div id=\"panel-17-5-0-0\" class=\"so-panel widget widget_sow-editor panel-first-child\" data-index=\"8\" ><div\n\t\t\t\n\t\t\tclass=\"so-widget-sow-editor so-widget-sow-editor-base\"\n\t\t\t\n\t\t><h3 class=\"widget-title\">Berufsmeisterschaften Detailhandel in Schwyz 18. Juni 2025 und in Z\u00fcrich 12. September 2025 <\/h3>\n<div class=\"siteorigin-widget-tinymce textwidget\">\n\t<\/div>\n<\/div><\/div><\/div><\/div><div id=\"pg-17-6\"  class=\"panel-grid panel-no-style\" ><div id=\"pgc-17-6-0\"  class=\"panel-grid-cell\" ><div id=\"panel-17-6-0-0\" class=\"so-panel widget widget_sow-editor panel-first-child panel-last-child\" data-index=\"10\" ><div\n\t\t\t\n\t\t\tclass=\"so-widget-sow-editor so-widget-sow-editor-base\"\n\t\t\t\n\t\t>\n<div class=\"siteorigin-widget-tinymce textwidget\">\n\t<p><a href=\"https:\/\/www.kbs-schwyz.ch\/berufsschule\/wp-content\/uploads\/SchwyzSkills25_InseratBote_113x185mm-Druck.pdf\" target=\"_blank\" rel=\"noopener\"><img loading=\"lazy\" decoding=\"async\" class=\"alignnone size-full wp-image-5124\" src=\"https:\/\/www.kbs-schwyz.ch\/berufsschule\/wp-content\/uploads\/SchwyzSkills25_InseratBote_113x185mm-Druck.jpg\" alt=\"\" width=\"400\" height=\"655\" srcset=\"https:\/\/www.kbs-schwyz.ch\/berufsschule\/wp-content\/uploads\/SchwyzSkills25_InseratBote_113x185mm-Druck.jpg 400w, https:\/\/www.kbs-schwyz.ch\/berufsschule\/wp-content\/uploads\/SchwyzSkills25_InseratBote_113x185mm-Druck-183x300.jpg 183w\" sizes=\"auto, (max-width: 400px) 100vw, 400px\" \/>\u00a0 <\/a><\/p>\n<\/div>\n<\/div><\/div><\/div><div id=\"pgc-17-6-1\"  class=\"panel-grid-cell\" ><div id=\"panel-17-6-1-0\" class=\"so-panel widget widget_sow-editor panel-first-child panel-last-child\" data-index=\"11\" ><div\n\t\t\t\n\t\t\tclass=\"so-widget-sow-editor so-widget-sow-editor-base\"\n\t\t\t\n\t\t>\n<div class=\"siteorigin-widget-tinymce textwidget\">\n\t<p><a href=\"https:\/\/www.kbs-schwyz.ch\/berufsschule\/wp-content\/uploads\/Dethandel-skill-zuerich.pdf\" target=\"_blank\" rel=\"noopener\"><img loading=\"lazy\" decoding=\"async\" class=\"alignnone size-full wp-image-5128\" src=\"https:\/\/www.kbs-schwyz.ch\/berufsschule\/wp-content\/uploads\/Dethandel-skills.jpg\" alt=\"\" width=\"462\" height=\"655\" srcset=\"https:\/\/www.kbs-schwyz.ch\/berufsschule\/wp-content\/uploads\/Dethandel-skills.jpg 462w, https:\/\/www.kbs-schwyz.ch\/berufsschule\/wp-content\/uploads\/Dethandel-skills-212x300.jpg 212w\" sizes=\"auto, (max-width: 462px) 100vw, 462px\" \/><\/a><\/p>\n<\/div>\n<\/div><\/div><\/div><\/div><div id=\"pg-17-7\"  class=\"panel-grid panel-no-style\" ><div id=\"pgc-17-7-0\"  class=\"panel-grid-cell\" ><div id=\"panel-17-7-0-0\" class=\"so-panel widget widget_sow-editor panel-first-child panel-last-child\" data-index=\"12\" ><div\n\t\t\t\n\t\t\tclass=\"so-widget-sow-editor so-widget-sow-editor-base\"\n\t\t\t\n\t\t><h3 class=\"widget-title\">KBS Skitag 2025<\/h3>\n<div class=\"siteorigin-widget-tinymce textwidget\">\n\t<p>Am Freitag, 21. Februar 2025 fand auf dem Stoos der Skitag statt.<\/p>\n\n<p>&nbsp;<\/p>\n<\/div>\n<\/div><\/div><\/div><\/div><div id=\"pg-17-8\"  class=\"panel-grid panel-no-style\" ><div id=\"pgc-17-8-0\"  class=\"panel-grid-cell\" ><div id=\"panel-17-8-0-0\" class=\"so-panel widget widget_sow-editor panel-first-child panel-last-child\" data-index=\"13\" ><div\n\t\t\t\n\t\t\tclass=\"so-widget-sow-editor so-widget-sow-editor-base\"\n\t\t\t\n\t\t><h3 class=\"widget-title\">Badminton Turnier KBS<\/h3>\n<div class=\"siteorigin-widget-tinymce textwidget\">\n\t<p>Am Freitag, den 13. Dezember, fand \u00fcber Mittag ein spannendes Badminton-Turnier statt, an dem zwei Lehrpersonen und f\u00fcnf Lernende teilnahmen. Jeder spielte gegen jeden, und am Ende standen die beiden Lehrpersonen zuoberst auf dem Podest. Es war grossartig zu sehen, dass der Wunsch nach einem Turnier von den Lernenden kam und sie mit Begeisterung teilnahmen und Spass hatten. Vielleicht gibt es ja bald eine Wiederholung!<\/p>\n<p><img loading=\"lazy\" decoding=\"async\" class=\"alignnone size-full wp-image-4842\" src=\"https:\/\/www.kbs-schwyz.ch\/berufsschule\/wp-content\/uploads\/badminton-turnier.jpg\" alt=\"\" width=\"800\" height=\"389\" srcset=\"https:\/\/www.kbs-schwyz.ch\/berufsschule\/wp-content\/uploads\/badminton-turnier.jpg 800w, https:\/\/www.kbs-schwyz.ch\/berufsschule\/wp-content\/uploads\/badminton-turnier-300x146.jpg 300w, https:\/\/www.kbs-schwyz.ch\/berufsschule\/wp-content\/uploads\/badminton-turnier-768x373.jpg 768w\" sizes=\"auto, (max-width: 800px) 100vw, 800px\" \/><\/p>\n<\/div>\n<\/div><\/div><\/div><\/div><div id=\"pg-17-9\"  class=\"panel-grid panel-no-style\" ><div id=\"pgc-17-9-0\"  class=\"panel-grid-cell\" ><div id=\"panel-17-9-0-0\" class=\"so-panel widget widget_sow-editor panel-first-child panel-last-child\" data-index=\"14\" ><div\n\t\t\t\n\t\t\tclass=\"so-widget-sow-editor so-widget-sow-editor-base\"\n\t\t\t\n\t\t><h3 class=\"widget-title\">Junior Sales Champion International Salzburg<\/h3>\n<div class=\"siteorigin-widget-tinymce textwidget\">\n\t<p>Die 20. <strong><em>Junior Sales Champion International in Salzburg<\/em><\/strong> sind Geschichte. Im Plenarsaal der Wirtschaftskammer Salzburg massen sich die besten jungen Verkaufstalente aus Deutschland, \u00d6sterreich, S\u00fcdtirol und der Schweiz am 6. November in einem spannenden Wettbewerb.<\/p>\n<p>Die Teilnehmer:innen f\u00fchrten ein Verkaufsgespr\u00e4ch mit einem fiktiven Kunden sowie einen Dialog mit einer \u201eenglischen Kundin\u201c. Dabei ging es neben dem Fachwissen auch um die Warenpr\u00e4sentation und alle Phasen eines Verkaufsprozesses. \u00abBesonders wichtig sind der Verkaufsabschluss und etwaige Zusatzverk\u00e4ufe, erkl\u00e4rt Sonja Marchhart von der Bundessparte Handel aus \u00d6sterreich\u00bb. Unter den Augen von Eltern, Ausbildnern, Lehrpersonen und einer parit\u00e4tisch zusammengesetzten Jury aus allen teilnehmenden L\u00e4ndern wurde die beste Verk\u00e4uferin erkoren.<\/p>\n<p>Die Schweiz wurde an diesem hochkar\u00e4tigen und professionell organisierten Event durch die folgenden drei Lernenden vertreten.<\/p>\n<p>Die Siegerin aus den zentralschweizerischen Meisterschaften <strong><em>\u201eSchwyzSkills24\u201c, Jorina Marti, Go in Sport Sursee,<\/em><\/strong> Jarik Notevski, Migros Langnau und Ronja Knechtle, Zubi Sport aus Herisau.<\/p>\n<p><strong>Tolle Leistungen von allen Finalisten<\/strong><\/p>\n<p>Jorina Marti und Jarik Notevski sind mit gleich vielen Punkten beide auf Platz vier rangiert. Im dritten Rang kam <strong>Ronja Knechtle (Foto)<\/strong> hinter zwei \u00d6sterreicherinnen aufs <strong>Siegerpodest<\/strong> \u00abStockerl\u00bb.<\/p>\n<p>Bericht und Bild, Markus Eng, Kaufm\u00e4nnische Berufsfachschule Schwyz<\/p>\n<div class=\"n2_ss_slider_publish__option_code\" dir=\"ltr\" data-mode=\"id\"><\/div>\n<div class=\"n2_ss_slider_publish__option_code\" dir=\"ltr\" data-mode=\"id\"><\/div>\n<\/div>\n<\/div><\/div><\/div><\/div><\/div>","protected":false},"excerpt":{"rendered":"<p>Liebe Teilnehmerinnen und Teilnehmer, liebe Helferinnen und Helfer \u2013 das war ein toller Abend! Das Volleyballturnier KBS 2026 ist wieder einmal ein voller Erfolg gewesen, und das ist vor allem Ihr Verdienst. In der Kollegi-Turnhalle Schwyz maassen sich rund 60 <a class=\"more-link\" href=\"https:\/\/www.kbs-schwyz.ch\/berufsschule\/aktuelles\/\">weiterlesen&#8230;<\/a><\/p>\n","protected":false},"author":1,"featured_media":0,"parent":0,"menu_order":17,"comment_status":"closed","ping_status":"closed","template":"","meta":{"footnotes":""},"class_list":["post-17","page","type-page","status-publish","hentry"],"_links":{"self":[{"href":"https:\/\/www.kbs-schwyz.ch\/berufsschule\/wp-json\/wp\/v2\/pages\/17","targetHints":{"allow":["GET"]}}],"collection":[{"href":"https:\/\/www.kbs-schwyz.ch\/berufsschule\/wp-json\/wp\/v2\/pages"}],"about":[{"href":"https:\/\/www.kbs-schwyz.ch\/berufsschule\/wp-json\/wp\/v2\/types\/page"}],"author":[{"embeddable":true,"href":"https:\/\/www.kbs-schwyz.ch\/berufsschule\/wp-json\/wp\/v2\/users\/1"}],"replies":[{"embeddable":true,"href":"https:\/\/www.kbs-schwyz.ch\/berufsschule\/wp-json\/wp\/v2\/comments?post=17"}],"version-history":[{"count":495,"href":"https:\/\/www.kbs-schwyz.ch\/berufsschule\/wp-json\/wp\/v2\/pages\/17\/revisions"}],"predecessor-version":[{"id":5540,"href":"https:\/\/www.kbs-schwyz.ch\/berufsschule\/wp-json\/wp\/v2\/pages\/17\/revisions\/5540"}],"wp:attachment":[{"href":"https:\/\/www.kbs-schwyz.ch\/berufsschule\/wp-json\/wp\/v2\/media?parent=17"}],"curies":[{"name":"wp","href":"https:\/\/api.w.org\/{rel}","templated":true}]}}