{"id":2,"date":"2016-08-14T11:53:12","date_gmt":"2016-08-14T09:53:12","guid":{"rendered":"http:\/\/www.kbs-schwyz.ch\/berufsschule\/?page_id=2"},"modified":"2026-04-14T15:53:23","modified_gmt":"2026-04-14T13:53:23","slug":"beispiel-seite","status":"publish","type":"page","link":"https:\/\/www.kbs-schwyz.ch\/berufsschule\/","title":{"rendered":"Kaufm\u00e4nnische Berufsschule Schwyz"},"content":{"rendered":"\n<div class=\"wp-block-columns is-layout-flex wp-container-core-columns-is-layout-9d6595d7 wp-block-columns-is-layout-flex\">\n<div class=\"wp-block-column is-layout-flow wp-block-column-is-layout-flow\" style=\"flex-basis:50%\">\n<h3 class=\"wp-block-heading\">KBS News<\/h3>\n\n\n\n<h3 class=\"widget-title\"><strong style=\"color: #ff0000; font-size: 15px;\"><img loading=\"lazy\" decoding=\"async\" class=\"alignnone size-full wp-image-170\" src=\"https:\/\/webiplus.ch\/wp-content\/uploads\/2017\/02\/aufzaehlungspunkt.jpg\" alt=\"\" width=\"10\" height=\"20\"><a href=\"https:\/\/webiplus.ch\/handelsschule\/\" target=\"_blank\" rel=\"noopener\"> Info-Abend Handelsschule: Mi. 15. April 2026, 19.00 &#8211; 20.00 Uhr<\/a><\/strong><\/h3>\n<div class=\"siteorigin-widget-tinymce textwidget\">\n<div class=\"siteorigin-widget-tinymce textwidget\">\n<h3 class=\"widget-title\"><strong style=\"color: #ff0000; font-size: 15px;\"><a href=\" https:\/\/www.kbs-schwyz.ch\/berufsschule\/volleyballturnier-kbs\/\" target=\"_blank\" rel=\"noopener\"><img loading=\"lazy\" decoding=\"async\" class=\"alignnone size-full wp-image-255\" src=\"https:\/\/www.kbs-schwyz.ch\/berufsschule\/wp-content\/uploads\/2016\/08\/aufzaehlungspunkt-e1481745336902.jpg\" alt=\"\" width=\"10\" height=\"20\"> Anmeldung f\u00fcr das Volleyballturnier Fr. 17. April 2026<\/a><br><\/strong><\/h3>\n<h3 class=\"widget-title\"><strong style=\"font-size: 15px;\"><img loading=\"lazy\" decoding=\"async\" class=\"alignnone size-full wp-image-255\" src=\"https:\/\/www.kbs-schwyz.ch\/berufsschule\/wp-content\/uploads\/2016\/08\/aufzaehlungspunkt-e1481745336902.jpg\" alt=\"\" width=\"10\" height=\"20\"><\/strong><a style=\"font-size: 15px;\" href=\"https:\/\/www.die-reform.ch\" target=\"_blank\" rel=\"noopener\"> Die Reform (KV und DH)<\/a><\/h3>\n<h3 class=\"widget-title\"><strong style=\"font-size: 15px;\"><img loading=\"lazy\" decoding=\"async\" class=\"alignnone size-full wp-image-255\" src=\"https:\/\/www.kbs-schwyz.ch\/berufsschule\/wp-content\/uploads\/2016\/08\/aufzaehlungspunkt-e1481745336902.jpg\" alt=\"\" width=\"10\" height=\"20\"><\/strong><a style=\"font-size: 15px;\" href=\"https:\/\/www.kbs-schwyz.ch\/berufsschule\/wp-content\/uploads\/Information_Absenzenwesen_KBS_Juli_24.pdf\" target=\"_blank\" rel=\"noopener\"> Information Absenzenwesen<\/a><\/h3>\n<h3 class=\"widget-title\"><img loading=\"lazy\" decoding=\"async\" class=\"alignnone size-full wp-image-255\" style=\"font-size: 15px;\" src=\"https:\/\/www.kbs-schwyz.ch\/berufsschule\/wp-content\/uploads\/2016\/08\/aufzaehlungspunkt-e1481745336902.jpg\" alt=\"\" width=\"10\" height=\"20\"><span style=\"font-size: 15px;\">&nbsp;<\/span><a style=\"font-size: 15px;\" href=\"https:\/\/www.kbs-schwyz.ch\/berufsschule\/wp-content\/uploads\/Erklaervideo_Absenzenwesen_SZ.mp4\" target=\"_blank\" rel=\"noopener\">Erkl\u00e4rvideo Absenzenwesen<\/a><\/h3>\n<h3 class=\"widget-title\"><img loading=\"lazy\" decoding=\"async\" class=\"alignnone size-full wp-image-255\" style=\"font-size: 15px;\" src=\"https:\/\/www.kbs-schwyz.ch\/berufsschule\/wp-content\/uploads\/2016\/08\/aufzaehlungspunkt-e1481745336902.jpg\" alt=\"\" width=\"10\" height=\"20\"> <a style=\"font-size: 15px;\" href=\"https:\/\/www.kbs-schwyz.ch\/berufsschule\/bm-erwachsene\/\" target=\"_blank\" rel=\"noopener noreferrer\">BM f\u00fcr Erwachsene &#8211; Infos und Anmeldung<\/a><\/h3>\n<div class=\"siteorigin-widget-tinymce textwidget\">\n<p><a href=\"https:\/\/www.kbs-schwyz.ch\/berufsschule\/bm-erwachsene\/\" target=\"_blank\" rel=\"noopener noreferrer\"><img loading=\"lazy\" decoding=\"async\" class=\"alignnone size-full wp-image-255\" src=\"https:\/\/www.kbs-schwyz.ch\/berufsschule\/wp-content\/uploads\/2016\/08\/aufzaehlungspunkt-e1481745336902.jpg\" alt=\"\" width=\"10\" height=\"20\">&nbsp;<\/a><a href=\"https:\/\/www.sz.ch\/privatpersonen\/bildung-schulen-sport\/berufsbildung-ausbildungsfinanzierung\/berufsbildung.html\/72-512-468-464-2442\" target=\"_blank\" rel=\"noopener noreferrer\">Anmeldung Berufsschule bei Amt f. Berufsbildung<\/a><\/p>\n<\/div>\n<\/div>\n<\/div>\n<\/div>\n\n\n\n<div class=\"wp-block-column is-layout-flow wp-block-column-is-layout-flow\" style=\"flex-basis:50%\">\n<h3 class=\"wp-block-heading\">Wichtige Downloads<\/h3>\n\n\n\n<p><img loading=\"lazy\" decoding=\"async\" src=\"https:\/\/www.kbs-schwyz.ch\/berufsschule\/wp-content\/uploads\/2016\/08\/aufzaehlungspunkt-e1481745336902.jpg\" alt=\"\" width=\"10\" height=\"20\" \/> <a href=\"https:\/\/www.kbs-schwyz.ch\/berufsschule\/wp-content\/uploads\/Information-Zeitfenster-Projekte_2026-1.pdf\" target=\"_blank\" rel=\"noreferrer noopener\">Information Zeitfenster Projekt<\/a><br \/><img loading=\"lazy\" decoding=\"async\" src=\"https:\/\/www.kbs-schwyz.ch\/berufsschule\/wp-content\/uploads\/2016\/08\/aufzaehlungspunkt-e1481745336902.jpg\" alt=\"\" width=\"10\" height=\"20\" \/> <a href=\"https:\/\/www.kbs-schwyz.ch\/berufsschule\/wp-content\/uploads\/individuelle-Projekte-Vorteile-und-Projektideen-1.pdf\" target=\"_blank\" rel=\"noreferrer noopener\">Individuelle Projekte<\/a><br \/><img loading=\"lazy\" decoding=\"async\" src=\"https:\/\/www.kbs-schwyz.ch\/berufsschule\/wp-content\/uploads\/2016\/08\/aufzaehlungspunkt-e1481745336902.jpg\" alt=\"\" width=\"10\" height=\"20\" \/> <a href=\"https:\/\/www.kbs-schwyz.ch\/berufsschule\/wp-content\/uploads\/Gesamtstundenplan-2.-Semester-2025_2026_V5.pdf\" target=\"_blank\" rel=\"noreferrer noopener\">Gesamtstundenplan 2. Semester 2025-2026<\/a><br \/><img loading=\"lazy\" decoding=\"async\" src=\"https:\/\/www.kbs-schwyz.ch\/berufsschule\/wp-content\/uploads\/2016\/08\/aufzaehlungspunkt-e1481745336902.jpg\" alt=\"\" width=\"10\" height=\"20\" \/> <a href=\"https:\/\/www.kbs-schwyz.ch\/berufsschule\/wp-content\/uploads\/Ferienplan-2025-2026-1.pdf\" target=\"_blank\" rel=\"noreferrer noopener\">Ferienplan 2025\/26<\/a><br \/><img loading=\"lazy\" decoding=\"async\" src=\"https:\/\/www.kbs-schwyz.ch\/berufsschule\/wp-content\/uploads\/2016\/08\/aufzaehlungspunkt-e1481745336902.jpg\" alt=\"\" width=\"10\" height=\"20\" \/> <a href=\"https:\/\/www.kbs-schwyz.ch\/berufsschule\/wp-content\/uploads\/Ferienplan-2026-2027.pdf\" target=\"_blank\" rel=\"noreferrer noopener\">Ferienplan 2026\/27<\/a><br \/><img loading=\"lazy\" decoding=\"async\" src=\"https:\/\/www.kbs-schwyz.ch\/berufsschule\/wp-content\/uploads\/2016\/08\/aufzaehlungspunkt-e1481745336902.jpg\" alt=\"\" width=\"10\" height=\"20\" \/> <a href=\"https:\/\/www.kbs-schwyz.ch\/berufsschule\/wp-content\/uploads\/Tagesverteilung-Klassen-Schuljahr-2025_26.pdf\" target=\"_blank\" rel=\"noreferrer noopener\">Tagesverteilung Klassen 2025\/26<\/a><br \/><img loading=\"lazy\" decoding=\"async\" src=\"https:\/\/www.kbs-schwyz.ch\/berufsschule\/wp-content\/uploads\/2016\/08\/aufzaehlungspunkt-e1481745336902.jpg\" alt=\"\" width=\"10\" height=\"20\" \/> <a href=\"https:\/\/www.kbs-schwyz.ch\/berufsschule\/wp-content\/uploads\/Tagesverteilung-Klassen-Schuljahr-2026_27.pdf\" target=\"_blank\" rel=\"noreferrer noopener\">Tagesverteilung Klassen 2026\/27<\/a><br \/><img loading=\"lazy\" decoding=\"async\" src=\"https:\/\/www.kbs-schwyz.ch\/berufsschule\/wp-content\/uploads\/2016\/08\/aufzaehlungspunkt-e1481745336902.jpg\" alt=\"\" width=\"10\" height=\"20\" \/> <a href=\"https:\/\/www.kbs-schwyz.ch\/berufsschule\/wp-content\/uploads\/Notebookanforderungen2025.pdf\" target=\"_blank\" rel=\"noreferrer noopener\">Mindestanforderung Notebooks BYOD<\/a><br \/><img loading=\"lazy\" decoding=\"async\" src=\"https:\/\/www.kbs-schwyz.ch\/berufsschule\/wp-content\/uploads\/2016\/08\/aufzaehlungspunkt-e1481745336902.jpg\" alt=\"\" width=\"10\" height=\"20\" \/> <a href=\"https:\/\/www.kbs-schwyz.ch\/berufsschule\/wp-content\/uploads\/2024_Anleitung_Berufsbildnerportal.pdf\" target=\"_blank\" rel=\"noreferrer noopener\">Anleitung Berufsbildnerportal<\/a><br \/><img loading=\"lazy\" decoding=\"async\" src=\"https:\/\/www.kbs-schwyz.ch\/berufsschule\/wp-content\/uploads\/2016\/08\/aufzaehlungspunkt-e1481745336902.jpg\" alt=\"\" width=\"10\" height=\"20\" \/> <a href=\"https:\/\/www.kbs-schwyz.ch\/berufsschule\/wp-content\/uploads\/2024_Anleitung_Lernendenportal.pdf\" target=\"_blank\" rel=\"noreferrer noopener\">Anleitung Lernendenportal<\/a><br \/><img loading=\"lazy\" decoding=\"async\" src=\"https:\/\/www.kbs-schwyz.ch\/berufsschule\/wp-content\/uploads\/2016\/08\/aufzaehlungspunkt-e1481745336902.jpg\" alt=\"\" width=\"10\" height=\"20\" \/> <a href=\"https:\/\/www.kbs-schwyz.ch\/berufsschule\/wp-content\/uploads\/Info-2.-LJ-SIZ-WB-und-Stuetzkurse-1.pdf\" target=\"_blank\" rel=\"noreferrer noopener\">Info 2. LJ SIZ WB und St\u00fctzkurse<\/a><br \/><img loading=\"lazy\" decoding=\"async\" src=\"https:\/\/www.kbs-schwyz.ch\/berufsschule\/wp-content\/uploads\/2016\/08\/aufzaehlungspunkt-e1481745336902.jpg\" alt=\"\" width=\"10\" height=\"20\" \/> <a href=\"https:\/\/www.kbs-schwyz.ch\/berufsschule\/wp-content\/uploads\/Wichtige-Daten-Schuljahr-25-26-1.pdf\" target=\"_blank\" rel=\"noreferrer noopener\">Wichtige Daten Schuljahr 2025-2026<\/a><\/p>\n<\/div>\n<\/div>\n\n\n\n\n\n\n","protected":false},"excerpt":{"rendered":"<p>KBS News Info-Abend Handelsschule: Mi. 15. April 2026, 19.00 &#8211; 20.00 Uhr Anmeldung f\u00fcr das Volleyballturnier Fr. 17. April 2026 Die Reform (KV und DH) Information Absenzenwesen &nbsp;Erkl\u00e4rvideo Absenzenwesen BM f\u00fcr Erwachsene &#8211; Infos und Anmeldung &nbsp;Anmeldung Berufsschule bei Amt <a class=\"more-link\" href=\"https:\/\/www.kbs-schwyz.ch\/berufsschule\/\">weiterlesen&#8230;<\/a><\/p>\n","protected":false},"author":1,"featured_media":0,"parent":0,"menu_order":0,"comment_status":"closed","ping_status":"closed","template":"","meta":{"footnotes":""},"class_list":["post-2","page","type-page","status-publish","hentry"],"_links":{"self":[{"href":"https:\/\/www.kbs-schwyz.ch\/berufsschule\/wp-json\/wp\/v2\/pages\/2","targetHints":{"allow":["GET"]}}],"collection":[{"href":"https:\/\/www.kbs-schwyz.ch\/berufsschule\/wp-json\/wp\/v2\/pages"}],"about":[{"href":"https:\/\/www.kbs-schwyz.ch\/berufsschule\/wp-json\/wp\/v2\/types\/page"}],"author":[{"embeddable":true,"href":"https:\/\/www.kbs-schwyz.ch\/berufsschule\/wp-json\/wp\/v2\/users\/1"}],"replies":[{"embeddable":true,"href":"https:\/\/www.kbs-schwyz.ch\/berufsschule\/wp-json\/wp\/v2\/comments?post=2"}],"version-history":[{"count":807,"href":"https:\/\/www.kbs-schwyz.ch\/berufsschule\/wp-json\/wp\/v2\/pages\/2\/revisions"}],"predecessor-version":[{"id":5492,"href":"https:\/\/www.kbs-schwyz.ch\/berufsschule\/wp-json\/wp\/v2\/pages\/2\/revisions\/5492"}],"wp:attachment":[{"href":"https:\/\/www.kbs-schwyz.ch\/berufsschule\/wp-json\/wp\/v2\/media?parent=2"}],"curies":[{"name":"wp","href":"https:\/\/api.w.org\/{rel}","templated":true}]}}