{"id":4029,"date":"2022-11-07T09:43:41","date_gmt":"2022-11-07T08:43:41","guid":{"rendered":"https:\/\/www.kbs-schwyz.ch\/berufsschule\/?page_id=4029"},"modified":"2026-03-20T16:26:07","modified_gmt":"2026-03-20T15:26:07","slug":"reform-2023","status":"publish","type":"page","link":"https:\/\/www.kbs-schwyz.ch\/berufsschule\/reform-2023\/","title":{"rendered":"Kaufm\u00e4nnische Grundbildung EFZ, Reform 2023"},"content":{"rendered":"<div id=\"pl-4029\"  class=\"panel-layout\" ><div id=\"pg-4029-0\"  class=\"panel-grid panel-no-style\" ><div id=\"pgc-4029-0-0\"  class=\"panel-grid-cell\" ><div id=\"panel-4029-0-0-0\" class=\"so-panel widget widget_sow-editor panel-first-child panel-last-child\" data-index=\"0\" ><div\n\t\t\t\n\t\t\tclass=\"so-widget-sow-editor so-widget-sow-editor-base\"\n\t\t\t\n\t\t><h3 class=\"widget-title\">Schulspezifische Informationen<\/h3>\n<div class=\"siteorigin-widget-tinymce textwidget\">\n\t<p><img loading=\"lazy\" decoding=\"async\" class=\"alignnone size-full wp-image-255\" src=\"https:\/\/www.kbs-schwyz.ch\/berufsschule\/wp-content\/uploads\/2016\/08\/aufzaehlungspunkt-e1481745336902.jpg\" alt=\"\" width=\"10\" height=\"20\" \/> <a href=\"https:\/\/www.kbs-schwyz.ch\/berufsschule\/wp-content\/uploads\/KBS-Phasenplan-Reform-KV_EFZ_2023-2026_V10-1.pdf\" target=\"_blank\" rel=\"noopener\">Phasenplan Reform KV 2023-2026<\/a><br \/>\n<img loading=\"lazy\" decoding=\"async\" class=\"alignnone size-full wp-image-255\" src=\"https:\/\/www.kbs-schwyz.ch\/berufsschule\/wp-content\/uploads\/2016\/08\/aufzaehlungspunkt-e1481745336902.jpg\" alt=\"\" width=\"10\" height=\"20\" \/> <a href=\"https:\/\/www.kbs-schwyz.ch\/berufsschule\/wp-content\/uploads\/KBS-Phasenplan-Reform-KV_EFZ_2024-2027_V3.pdf\" target=\"_blank\" rel=\"noopener\">Phasenplan Reform KV 2024-2027<\/a><br \/>\n<img loading=\"lazy\" decoding=\"async\" class=\"alignnone size-full wp-image-255\" src=\"https:\/\/www.kbs-schwyz.ch\/berufsschule\/wp-content\/uploads\/2016\/08\/aufzaehlungspunkt-e1481745336902.jpg\" alt=\"\" width=\"10\" height=\"20\" \/> <a href=\"https:\/\/www.kbs-schwyz.ch\/berufsschule\/wp-content\/uploads\/KBS-Phasenplan-Reform-KV_EFZ_2025-2028_V2.pdf\" target=\"_blank\" rel=\"noopener\">Phasenplan Reform KV 2025-2028<\/a><br \/>\n<img loading=\"lazy\" decoding=\"async\" class=\"alignnone size-full wp-image-255\" src=\"https:\/\/www.kbs-schwyz.ch\/berufsschule\/wp-content\/uploads\/2016\/08\/aufzaehlungspunkt-e1481745336902.jpg\" alt=\"\" width=\"10\" height=\"20\" \/> <a href=\"https:\/\/www.kbs-schwyz.ch\/berufsschule\/wp-content\/uploads\/Information-Zeitfenster-Projekte.pdf\" target=\"_blank\" rel=\"noopener\">Information Zeitfenster Projekte<\/a><br \/>\n<img loading=\"lazy\" decoding=\"async\" class=\"alignnone size-full wp-image-255\" src=\"https:\/\/www.kbs-schwyz.ch\/berufsschule\/wp-content\/uploads\/2016\/08\/aufzaehlungspunkt-e1481745336902.jpg\" alt=\"\" width=\"10\" height=\"20\" \/> <a href=\"https:\/\/www.kbs-schwyz.ch\/berufsschule\/wp-content\/uploads\/WPB_Information_KBS_Nov_2023.pdf\" target=\"_blank\" rel=\"noopener\">Information Wahlpflichtbereich<\/a><br \/>\n<img loading=\"lazy\" decoding=\"async\" class=\"alignnone size-full wp-image-255\" src=\"https:\/\/www.kbs-schwyz.ch\/berufsschule\/wp-content\/uploads\/2016\/08\/aufzaehlungspunkt-e1481745336902.jpg\" alt=\"\" width=\"10\" height=\"20\" \/><a href=\"https:\/\/www.kbs-schwyz.ch\/berufsschule\/wp-content\/uploads\/Information-Optionen_KBS_15.12.2025.pdf\" target=\"_blank\" rel=\"noopener\"> Information Optionen<\/a><br \/>\n<img loading=\"lazy\" decoding=\"async\" class=\"alignnone size-full wp-image-255\" src=\"https:\/\/www.kbs-schwyz.ch\/berufsschule\/wp-content\/uploads\/2016\/08\/aufzaehlungspunkt-e1481745336902.jpg\" alt=\"\" width=\"10\" height=\"20\" \/> <a href=\"https:\/\/www.kbs-schwyz.ch\/berufsschule\/wp-content\/uploads\/WPBI_WPBII_Projektfenster_Umsetzung_FA_KBS_14.10.2024.pdf\" target=\"_blank\" rel=\"noopener\">WPB I \/ WPB II Umsetzungshilfe F&amp;A<\/a><\/p>\n<\/div>\n<\/div><\/div><\/div><div id=\"pgc-4029-0-1\"  class=\"panel-grid-cell\" ><div id=\"panel-4029-0-1-0\" class=\"so-panel widget widget_sow-editor panel-first-child panel-last-child\" data-index=\"1\" ><div\n\t\t\t\n\t\t\tclass=\"so-widget-sow-editor so-widget-sow-editor-base\"\n\t\t\t\n\t\t><h3 class=\"widget-title\"> Informationsabende<\/h3>\n<div class=\"siteorigin-widget-tinymce textwidget\">\n\t<p><img loading=\"lazy\" decoding=\"async\" class=\"alignnone size-full wp-image-255\" src=\"https:\/\/www.kbs-schwyz.ch\/berufsschule\/wp-content\/uploads\/2016\/08\/aufzaehlungspunkt-e1481745336902.jpg\" alt=\"\" width=\"10\" height=\"20\" \/> <a href=\"https:\/\/www.kbs-schwyz.ch\/berufsschule\/wp-content\/uploads\/KBS_Austauschabend_KV_QV_2026.pdf\" target=\"_blank\" rel=\"noopener\">Pr\u00e4sentation Austauschabend 2026<\/a><br \/>\n<img loading=\"lazy\" decoding=\"async\" class=\"alignnone size-full wp-image-255\" src=\"https:\/\/www.kbs-schwyz.ch\/berufsschule\/wp-content\/uploads\/2016\/08\/aufzaehlungspunkt-e1481745336902.jpg\" alt=\"\" width=\"10\" height=\"20\" \/> <a href=\"https:\/\/www.kbs-schwyz.ch\/berufsschule\/wp-content\/uploads\/Praesentation_Besuchsabend_Nov_2025.pdf\" target=\"_blank\" rel=\"noopener\">Pr\u00e4sentation Besuchsabend 2025<\/a><br \/>\n<img loading=\"lazy\" decoding=\"async\" class=\"alignnone size-full wp-image-255\" src=\"https:\/\/www.kbs-schwyz.ch\/berufsschule\/wp-content\/uploads\/2016\/08\/aufzaehlungspunkt-e1481745336902.jpg\" alt=\"\" width=\"10\" height=\"20\" \/> <a href=\"https:\/\/www.kbs-schwyz.ch\/berufsschule\/wp-content\/uploads\/Praesentation-Optionen_WPB_Okt_2024.pdf\" target=\"_blank\" rel=\"noopener\">Pr\u00e4sentation Optionen\/WPB Okt. 2024<\/a><br \/>\n<img loading=\"lazy\" decoding=\"async\" class=\"alignnone size-full wp-image-255\" src=\"https:\/\/www.kbs-schwyz.ch\/berufsschule\/wp-content\/uploads\/2016\/08\/aufzaehlungspunkt-e1481745336902.jpg\" alt=\"\" width=\"10\" height=\"20\" \/> <a href=\"https:\/\/www.kbs-schwyz.ch\/berufsschule\/wp-content\/uploads\/WPB_Infofolien_Besuchsabend_Nov_2023.pdf\" target=\"_blank\" rel=\"noopener\">Pr\u00e4sentation Wahlpflichtbereich Nov. 2023<\/a><br \/>\n<img loading=\"lazy\" decoding=\"async\" class=\"alignnone size-full wp-image-255\" src=\"https:\/\/www.kbs-schwyz.ch\/berufsschule\/wp-content\/uploads\/2016\/08\/aufzaehlungspunkt-e1481745336902.jpg\" alt=\"\" width=\"10\" height=\"20\" \/> <a href=\"https:\/\/www.kbs-schwyz.ch\/berufsschule\/wp-content\/uploads\/20221025_Infoveranstaltung_KV.pdf\" target=\"_blank\" rel=\"noopener\">Pr\u00e4sentation Infoabende Nov. 2022<\/a><\/p>\n<\/div>\n<\/div><\/div><\/div><\/div><div id=\"pg-4029-1\"  class=\"panel-grid panel-no-style\" ><div id=\"pgc-4029-1-0\"  class=\"panel-grid-cell\" ><div id=\"panel-4029-1-0-0\" class=\"so-panel widget widget_sow-editor panel-first-child panel-last-child\" data-index=\"2\" ><div\n\t\t\t\n\t\t\tclass=\"so-widget-sow-editor so-widget-sow-editor-base\"\n\t\t\t\n\t\t><h3 class=\"widget-title\">Allgemein<\/h3>\n<div class=\"siteorigin-widget-tinymce textwidget\">\n\t<p><img loading=\"lazy\" decoding=\"async\" class=\"alignnone size-full wp-image-255\" src=\"https:\/\/www.kbs-schwyz.ch\/berufsschule\/wp-content\/uploads\/2016\/08\/aufzaehlungspunkt-e1481745336902.jpg\" alt=\"\" width=\"10\" height=\"20\" \/> <a href=\"https:\/\/www.kbs-schwyz.ch\/berufsschule\/wp-content\/uploads\/Kurzinformation-KV-Reform.pdf\" target=\"_blank\" rel=\"noopener\">Kurzinformation KV Reform 2023<\/a><br \/>\n<img loading=\"lazy\" decoding=\"async\" class=\"alignnone size-full wp-image-255\" src=\"https:\/\/www.kbs-schwyz.ch\/berufsschule\/wp-content\/uploads\/2016\/08\/aufzaehlungspunkt-e1481745336902.jpg\" alt=\"\" width=\"10\" height=\"20\" \/> <a href=\"https:\/\/www.die-reform.ch\" target=\"_blank\" rel=\"noopener\">Die Reform - Allgemein<\/a><br \/>\n<img loading=\"lazy\" decoding=\"async\" class=\"alignnone size-full wp-image-255\" src=\"https:\/\/www.kbs-schwyz.ch\/berufsschule\/wp-content\/uploads\/2016\/08\/aufzaehlungspunkt-e1481745336902.jpg\" alt=\"\" width=\"10\" height=\"20\" \/> <a href=\"https:\/\/www.kbs-schwyz.ch\/berufsschule\/wp-content\/uploads\/202108_merkblatt_kfmv_wbp_kv-lehre-2023-1.pdf\" target=\"_blank\" rel=\"noopener\">Merkblatt \/ \u00dcberblick neue KV Lehre<\/a><br \/>\n<img loading=\"lazy\" decoding=\"async\" class=\"alignnone size-full wp-image-255\" src=\"https:\/\/www.kbs-schwyz.ch\/berufsschule\/wp-content\/uploads\/2016\/08\/aufzaehlungspunkt-e1481745336902.jpg\" alt=\"\" width=\"10\" height=\"20\" \/> <a href=\"https:\/\/www.kfmv.ch\/wissen\/lehre\/reform-kv-lehre\" target=\"_blank\" rel=\"noopener\">Reform KV-Lehre<\/a><br \/>\n<img loading=\"lazy\" decoding=\"async\" class=\"alignnone size-full wp-image-255\" src=\"https:\/\/www.kbs-schwyz.ch\/berufsschule\/wp-content\/uploads\/2016\/08\/aufzaehlungspunkt-e1481745336902.jpg\" alt=\"\" width=\"10\" height=\"20\" \/> <a href=\"https:\/\/kaufmaennische-grundbildung.ch\/\" target=\"_blank\" rel=\"noopener\">Kaufm\u00e4nnische Grundbildung - DiscoverYourFuture<\/a><a href=\"https:\/\/www.die-reform.ch\" target=\"_blank\" rel=\"noopener\">\u00a0<\/a><br \/>\n<img loading=\"lazy\" decoding=\"async\" class=\"alignnone size-full wp-image-255\" src=\"https:\/\/www.kbs-schwyz.ch\/berufsschule\/wp-content\/uploads\/2016\/08\/aufzaehlungspunkt-e1481745336902.jpg\" alt=\"\" width=\"10\" height=\"20\" \/> <a href=\"https:\/\/kaufmaennische-grundbildung.ch\/media\/2021\/09\/DE-Handlungskompetenzen-EFZ.png\" target=\"_blank\" rel=\"noopener\">Handlungskompetenzen<\/a><br \/>\n<img loading=\"lazy\" decoding=\"async\" class=\"alignnone size-full wp-image-255\" src=\"https:\/\/www.kbs-schwyz.ch\/berufsschule\/wp-content\/uploads\/2016\/08\/aufzaehlungspunkt-e1481745336902.jpg\" alt=\"\" width=\"10\" height=\"20\" \/> <a href=\"https:\/\/www.skkab.ch\/fachinformationen\/gb2023\/\" target=\"_blank\" rel=\"noopener\">Umsetzung ab 2023 - SKKAB<\/a><br \/>\n<img loading=\"lazy\" decoding=\"async\" class=\"alignnone size-full wp-image-255\" src=\"https:\/\/www.kbs-schwyz.ch\/berufsschule\/wp-content\/uploads\/2016\/08\/aufzaehlungspunkt-e1481745336902.jpg\" alt=\"\" width=\"10\" height=\"20\" \/> <a href=\"https:\/\/www.skkab.ch\/download\/anforderungen-an-die-lernenden\/?wpdmdl=5117&amp;refresh=635cd7976e5b41667028887\" target=\"_blank\" rel=\"noopener\">Anforderungen an die Lernenden\u00a0<\/a><\/p>\n<\/div>\n<\/div><\/div><\/div><div id=\"pgc-4029-1-1\"  class=\"panel-grid-cell\" ><div id=\"panel-4029-1-1-0\" class=\"so-panel widget widget_sow-editor panel-first-child panel-last-child\" data-index=\"3\" ><div\n\t\t\t\n\t\t\tclass=\"so-widget-sow-editor so-widget-sow-editor-base\"\n\t\t\t\n\t\t><h3 class=\"widget-title\">Qualifikationsverfahren<\/h3>\n<div class=\"siteorigin-widget-tinymce textwidget\">\n\t<p><img loading=\"lazy\" decoding=\"async\" class=\"alignnone size-full wp-image-255\" src=\"https:\/\/www.kbs-schwyz.ch\/berufsschule\/wp-content\/uploads\/2016\/08\/aufzaehlungspunkt-e1481745336902.jpg\" alt=\"\" width=\"10\" height=\"20\" \/> <a href=\"https:\/\/www.kbs-schwyz.ch\/berufsschule\/wp-content\/uploads\/BiVo_2023_Notenrechner_EFZ_D_Feb_2025.xlsx\" target=\"_blank\" rel=\"noopener\">Notenrechner und Notenzusammensetzung BiVo 2023 EFZ<\/a><\/p>\n<p>&nbsp;<\/p>\n<\/div>\n<\/div><\/div><\/div><\/div><\/div>","protected":false},"excerpt":{"rendered":"<p>Phasenplan Reform KV 2023-2026 Phasenplan Reform KV 2024-2027 Phasenplan Reform KV 2025-2028 Information Zeitfenster Projekte Information Wahlpflichtbereich Information Optionen WPB I \/ WPB II Umsetzungshilfe F&amp;A Pr\u00e4sentation Austauschabend 2026 Pr\u00e4sentation Besuchsabend 2025 Pr\u00e4sentation Optionen\/WPB Okt. 2024 Pr\u00e4sentation Wahlpflichtbereich Nov. 2023 <a class=\"more-link\" href=\"https:\/\/www.kbs-schwyz.ch\/berufsschule\/reform-2023\/\">weiterlesen&#8230;<\/a><\/p>\n","protected":false},"author":1,"featured_media":0,"parent":0,"menu_order":0,"comment_status":"closed","ping_status":"closed","template":"","meta":{"footnotes":""},"class_list":["post-4029","page","type-page","status-publish","hentry"],"_links":{"self":[{"href":"https:\/\/www.kbs-schwyz.ch\/berufsschule\/wp-json\/wp\/v2\/pages\/4029","targetHints":{"allow":["GET"]}}],"collection":[{"href":"https:\/\/www.kbs-schwyz.ch\/berufsschule\/wp-json\/wp\/v2\/pages"}],"about":[{"href":"https:\/\/www.kbs-schwyz.ch\/berufsschule\/wp-json\/wp\/v2\/types\/page"}],"author":[{"embeddable":true,"href":"https:\/\/www.kbs-schwyz.ch\/berufsschule\/wp-json\/wp\/v2\/users\/1"}],"replies":[{"embeddable":true,"href":"https:\/\/www.kbs-schwyz.ch\/berufsschule\/wp-json\/wp\/v2\/comments?post=4029"}],"version-history":[{"count":48,"href":"https:\/\/www.kbs-schwyz.ch\/berufsschule\/wp-json\/wp\/v2\/pages\/4029\/revisions"}],"predecessor-version":[{"id":5429,"href":"https:\/\/www.kbs-schwyz.ch\/berufsschule\/wp-json\/wp\/v2\/pages\/4029\/revisions\/5429"}],"wp:attachment":[{"href":"https:\/\/www.kbs-schwyz.ch\/berufsschule\/wp-json\/wp\/v2\/media?parent=4029"}],"curies":[{"name":"wp","href":"https:\/\/api.w.org\/{rel}","templated":true}]}}