{"id":67,"date":"2016-12-14T09:30:15","date_gmt":"2016-12-14T08:30:15","guid":{"rendered":"http:\/\/www.kbs-schwyz.ch\/berufsschule\/?page_id=67"},"modified":"2018-04-09T10:01:18","modified_gmt":"2018-04-09T08:01:18","slug":"anfahrt-2","status":"publish","type":"page","link":"https:\/\/www.kbs-schwyz.ch\/berufsschule\/anfahrt-2\/","title":{"rendered":"Anfahrt zur KBS"},"content":{"rendered":"<div id=\"pl-67\"  class=\"panel-layout\" ><div id=\"pg-67-0\"  class=\"panel-grid panel-no-style\" ><div id=\"pgc-67-0-0\"  class=\"panel-grid-cell\" ><div id=\"panel-67-0-0-0\" class=\"so-panel widget widget_text panel-first-child panel-last-child\" data-index=\"0\" >\t\t\t<div class=\"textwidget\"><iframe style=\"width:100%;height:420px;border:0\" src=\"https:\/\/map.search.ch\/692251,208772?embed=iframe\"><\/iframe><\/div>\n\t\t<\/div><\/div><div id=\"pgc-67-0-1\"  class=\"panel-grid-cell\" ><div id=\"panel-67-0-1-0\" class=\"so-panel widget widget_sow-editor panel-first-child panel-last-child\" data-index=\"1\" ><div\n\t\t\t\n\t\t\tclass=\"so-widget-sow-editor so-widget-sow-editor-base\"\n\t\t\t\n\t\t>\n<div class=\"siteorigin-widget-tinymce textwidget\">\n\t<p class=\"bodytext\">Das Haus der Kaufm\u00e4nnischen Berufsschule steht 100 m unterhalb der Kantonsschule Kollegium an der Riedstrasse am oberen Ortsteil von Schwyz.<\/p>\n<p>Vom Sattel oder Steinen her fahren Sie via Herrengasse gegen den Ortskern bis zur Kirche und biegen dann links ab in die Schulgasse. Nach 150m gelangen Sie durch zweimaliges Linksabbiegen zur Riedstrasse.<\/p>\n<p>Vom Bahnhof Schwyz (in Seewen) fahren Sie mit dem Auto oder Bus zum Schwyzer Ortszentrum. Vom Bus-Bahnhof f\u00fchrt der Weg \u00fcber die Hofmatt zur Herrengasse und dann via Maria-Hilfstrasse zur Riedstrasse.<\/p>\n<p>Parkpl\u00e4tze sind beschr\u00e4nkt. Ben\u00fctzen Sie die Parkgelegenheiten im Dorf oder im Parkhaus Hofmatt. Die Parkpl\u00e4tze direkt beim Schulhaus sind ausschliesslich f\u00fcr die Lehrkr\u00e4fte reserviert.<\/p>\n<\/div>\n<\/div><\/div><\/div><\/div><\/div>","protected":false},"excerpt":{"rendered":"<p>Das Haus der Kaufm\u00e4nnischen Berufsschule steht 100 m unterhalb der Kantonsschule Kollegium an der Riedstrasse am oberen Ortsteil von Schwyz.Vom Sattel oder Steinen her fahren Sie via Herrengasse gegen den Ortskern bis zur Kirche und biegen dann links ab in <a class=\"more-link\" href=\"https:\/\/www.kbs-schwyz.ch\/berufsschule\/anfahrt-2\/\">weiterlesen&#8230;<\/a><\/p>\n","protected":false},"author":1,"featured_media":0,"parent":0,"menu_order":22,"comment_status":"closed","ping_status":"closed","template":"","meta":{"footnotes":""},"class_list":["post-67","page","type-page","status-publish","hentry"],"_links":{"self":[{"href":"https:\/\/www.kbs-schwyz.ch\/berufsschule\/wp-json\/wp\/v2\/pages\/67","targetHints":{"allow":["GET"]}}],"collection":[{"href":"https:\/\/www.kbs-schwyz.ch\/berufsschule\/wp-json\/wp\/v2\/pages"}],"about":[{"href":"https:\/\/www.kbs-schwyz.ch\/berufsschule\/wp-json\/wp\/v2\/types\/page"}],"author":[{"embeddable":true,"href":"https:\/\/www.kbs-schwyz.ch\/berufsschule\/wp-json\/wp\/v2\/users\/1"}],"replies":[{"embeddable":true,"href":"https:\/\/www.kbs-schwyz.ch\/berufsschule\/wp-json\/wp\/v2\/comments?post=67"}],"version-history":[{"count":8,"href":"https:\/\/www.kbs-schwyz.ch\/berufsschule\/wp-json\/wp\/v2\/pages\/67\/revisions"}],"predecessor-version":[{"id":958,"href":"https:\/\/www.kbs-schwyz.ch\/berufsschule\/wp-json\/wp\/v2\/pages\/67\/revisions\/958"}],"wp:attachment":[{"href":"https:\/\/www.kbs-schwyz.ch\/berufsschule\/wp-json\/wp\/v2\/media?parent=67"}],"curies":[{"name":"wp","href":"https:\/\/api.w.org\/{rel}","templated":true}]}}