{"id":92,"date":"2016-12-14T09:38:20","date_gmt":"2016-12-14T08:38:20","guid":{"rendered":"http:\/\/www.kbs-schwyz.ch\/berufsschule\/?page_id=92"},"modified":"2023-08-18T15:33:18","modified_gmt":"2023-08-18T13:33:18","slug":"detailhandelsassistenten","status":"publish","type":"page","link":"https:\/\/www.kbs-schwyz.ch\/berufsschule\/detailhandelsassistenten\/","title":{"rendered":"Detailhandelsassistenten"},"content":{"rendered":"<div id=\"pl-92\"  class=\"panel-layout\" ><div id=\"pg-92-0\"  class=\"panel-grid panel-no-style\" ><div id=\"pgc-92-0-0\"  class=\"panel-grid-cell\" ><div id=\"panel-92-0-0-0\" class=\"so-panel widget widget_sow-editor panel-first-child panel-last-child\" data-index=\"0\" ><div\n\t\t\t\n\t\t\tclass=\"so-widget-sow-editor so-widget-sow-editor-base\"\n\t\t\t\n\t\t><h3 class=\"widget-title\">DA Allgemein Reform ab Lehrbeginn 2022<\/h3>\n<div class=\"siteorigin-widget-tinymce textwidget\">\n\t<p>Detailhandelsassistenten und -assistentinnen beraten, unterst\u00fctzen und bedienen Kundinnen und Kunden auf unterschiedlichen Kommunikationskan\u00e4len. Sie f\u00fchren Beratungs- und Verkaufsgespr\u00e4che in der lokalen Landessprache und in einer Fremdsprache. Zudem arbeiten sie unter Anleitung in Betriebs- und Warenbewirtschaftungsprozessen mit. Diese Grundbildung ist auf eher praktisch veranlagte Jugendliche ausgerichtet und umfasst weniger Schultage als bei den Detailhandelsfachleuten. Neugierig auf mehr? Dann zeigt\u00a0 unser Berufsbild, welche Kompetenzen w\u00e4hrend der Grundbildung vermittelt\u00a0 werden,\u00a0 in welchem Arbeitsgebiet die Betriebe ausbilden und welche Anforderungen an die Lernenden gestellt werden.<\/p>\n<p>Die Grundlagen- und Umsetzungsdokumente zum Bildungsplan f\u00fcr Detailhandelsassistenten sind\u00a0<a href=\"https:\/\/www.bds-fcs.ch\/de\/index.php?section=Downloads&amp;category=27\"><strong><u>hier<\/u><\/strong>\u00a0<\/a>zusammengestellt.<\/p>\n<p><strong>Bildungsplan<\/strong><\/p>\n<p><img loading=\"lazy\" decoding=\"async\" class=\"alignnone size-full wp-image-255\" src=\"https:\/\/www.kbs-schwyz.ch\/berufsschule\/wp-content\/uploads\/2016\/08\/aufzaehlungspunkt-e1481745336902.jpg\" alt=\"\" width=\"10\" height=\"20\" \/> <a href=\"https:\/\/www.bds-fcs.ch\/de\/index.php?section=Downloads&amp;category=27\" target=\"_blank\" rel=\"noopener\">BiPlan_Detailhandelsassistenten_EBA<\/a><\/p>\n<p><strong>Die HKB's (Handlungskompetenzen)<\/strong><\/p>\n<p><img loading=\"lazy\" decoding=\"async\" class=\"alignnone size-full wp-image-255\" src=\"https:\/\/www.kbs-schwyz.ch\/berufsschule\/wp-content\/uploads\/2016\/08\/aufzaehlungspunkt-e1481745336902.jpg\" alt=\"\" width=\"10\" height=\"20\" \/> <a href=\"https:\/\/www.bds-fcs.ch\/images\/content\/Grundbildung\/EBA\/SB_BDSHandlungskompetenzenUebersichtEBA_V1.0.pdf\" target=\"_blank\" rel=\"noopener\">SB_BDSHandlungskompetenzen Uebersicht EBA<\/a><\/p>\n<p><strong>Info Reform Allgemein<\/strong><\/p>\n<p><strong><img loading=\"lazy\" decoding=\"async\" class=\"alignnone size-full wp-image-255\" src=\"https:\/\/www.kbs-schwyz.ch\/berufsschule\/wp-content\/uploads\/2016\/08\/aufzaehlungspunkt-e1481745336902.jpg\" alt=\"\" width=\"10\" height=\"20\" \/><\/strong> <a href=\"https:\/\/www.die-reform.ch\" target=\"_blank\" rel=\"noopener\">Die Reform (alles zur Reform)<\/a><\/p>\n<\/div>\n<\/div><\/div><\/div><\/div><div id=\"pg-92-1\"  class=\"panel-grid panel-no-style\" ><div id=\"pgc-92-1-0\"  class=\"panel-grid-cell\" ><div id=\"panel-92-1-0-0\" class=\"so-panel widget widget_sow-editor panel-first-child panel-last-child\" data-index=\"1\" ><div\n\t\t\t\n\t\t\tclass=\"so-widget-sow-editor so-widget-sow-editor-base\"\n\t\t\t\n\t\t><h3 class=\"widget-title\">Qualifikationsverfahren <\/h3>\n<div class=\"siteorigin-widget-tinymce textwidget\">\n\t<p>Die ersten Qualifikationsverfahren f\u00fcr Detailhandelsassistenten \/ Detailhandelsassistentinnen unter verkauf 2022+ finden im Fr\u00fchling 2024 statt.<\/p>\n<p>Die Ausf\u00fchrungsbestimmungen zu diesen Qualifikationsverfahren sind aktuell in Erarbeitung und werden laufend im Download Center\u00a0ver\u00f6ffentlicht.<\/p>\n<p><img loading=\"lazy\" decoding=\"async\" class=\"alignnone size-full wp-image-255\" src=\"https:\/\/www.kbs-schwyz.ch\/berufsschule\/wp-content\/uploads\/2016\/08\/aufzaehlungspunkt-e1481745336902.jpg\" alt=\"\" width=\"10\" height=\"20\" \/> <a href=\"https:\/\/www.bds-fcs.ch\/de\/Digitale-Medien\/Download-Center?category=56\" target=\"_blank\" rel=\"noopener\">Ausf\u00fchrungsbestimmungen QV EBA<\/a><br \/>\n<img loading=\"lazy\" decoding=\"async\" class=\"alignnone size-full wp-image-255\" src=\"https:\/\/www.kbs-schwyz.ch\/berufsschule\/wp-content\/uploads\/2016\/08\/aufzaehlungspunkt-e1481745336902.jpg\" alt=\"\" width=\"10\" height=\"20\" \/> <a href=\"https:\/\/www.kbs-schwyz.ch\/berufsschule\/wp-content\/uploads\/Schematische-Darstellung-Erfahrungsnote-EFZ-DF-und-DA.pdf\" target=\"_blank\" rel=\"noopener\">Semesterzeugnis- u. Erfahrungsnoten Berufsfachschule\u00a0<\/a><br \/>\n<img loading=\"lazy\" decoding=\"async\" class=\"alignnone size-full wp-image-255\" src=\"https:\/\/www.kbs-schwyz.ch\/berufsschule\/wp-content\/uploads\/2016\/08\/aufzaehlungspunkt-e1481745336902.jpg\" alt=\"\" width=\"10\" height=\"20\" \/> <a href=\"https:\/\/www.kbs-schwyz.ch\/berufsschule\/wp-content\/uploads\/20221122_Notenrechner_DHA_abQV2024_Branchen_AutomobilLandiNUG_oRG.xlsx\" target=\"_blank\" rel=\"noopener\">QV-Notenrechner DA Branchen:Automobil After-Sales, Landi, Lebensmittel<\/a><br \/>\n<a href=\"https:\/\/www.kbs-schwyz.ch\/berufsschule\/wp-content\/uploads\/20220502_Notenrechner_DHF_abQV2025_uebrigeBranchen_oRG-3.xlsx\"><img loading=\"lazy\" decoding=\"async\" class=\"alignnone size-full wp-image-255\" src=\"https:\/\/www.kbs-schwyz.ch\/berufsschule\/wp-content\/uploads\/2016\/08\/aufzaehlungspunkt-e1481745336902.jpg\" alt=\"\" width=\"10\" height=\"20\" \/><\/a> <a href=\"https:\/\/www.kbs-schwyz.ch\/berufsschule\/wp-content\/uploads\/20221122_Notenrechner_DHA_abQV2024_uebrigeBranchen_oRG.xlsx\" target=\"_blank\" rel=\"noopener\">QV-Notenrechner DA Branchen: \u00fcbrige Branchen<\/a><br \/>\n<a href=\"https:\/\/www.kbs-schwyz.ch\/berufsschule\/wp-content\/uploads\/20220502_Notenrechner_DHF_abQV2025_uebrigeBranchen_oRG-3.xlsx\"><img loading=\"lazy\" decoding=\"async\" class=\"alignnone size-full wp-image-255\" src=\"https:\/\/www.kbs-schwyz.ch\/berufsschule\/wp-content\/uploads\/2016\/08\/aufzaehlungspunkt-e1481745336902.jpg\" alt=\"\" width=\"10\" height=\"20\" \/><\/a> <a href=\"https:\/\/www.kbs-schwyz.ch\/berufsschule\/wp-content\/uploads\/DHA_Uebersicht_HKB.pdf\" target=\"_blank\" rel=\"noopener\">\u00dcbersicht DA HKB<\/a><\/p>\n<p>&nbsp;<\/p>\n<\/div>\n<\/div><\/div><\/div><\/div><div id=\"pg-92-2\"  class=\"panel-grid panel-no-style\" ><div id=\"pgc-92-2-0\"  class=\"panel-grid-cell\" ><div id=\"panel-92-2-0-0\" class=\"so-panel widget widget_sow-editor panel-first-child panel-last-child\" data-index=\"2\" ><div\n\t\t\t\n\t\t\tclass=\"so-widget-sow-editor so-widget-sow-editor-base\"\n\t\t\t\n\t\t><h3 class=\"widget-title\">DA Lehre 2020 - 2024<\/h3>\n<div class=\"siteorigin-widget-tinymce textwidget\">\n\t<\/div>\n<\/div><\/div><\/div><\/div><div id=\"pg-92-3\"  class=\"panel-grid panel-no-style\" ><div id=\"pgc-92-3-0\"  class=\"panel-grid-cell\" ><div id=\"panel-92-3-0-0\" class=\"so-panel widget widget_sow-editor panel-first-child panel-last-child\" data-index=\"3\" ><div\n\t\t\t\n\t\t\tclass=\"so-widget-sow-editor so-widget-sow-editor-base\"\n\t\t\t\n\t\t><h3 class=\"widget-title\">Allgemeines<\/h3>\n<div class=\"siteorigin-widget-tinymce textwidget\">\n\t<p><img loading=\"lazy\" decoding=\"async\" class=\"alignnone size-full wp-image-255\" src=\"https:\/\/www.kbs-schwyz.ch\/berufsschule\/wp-content\/uploads\/2016\/08\/aufzaehlungspunkt-e1481745336902.jpg\" alt=\"\" width=\"10\" height=\"20\" \/>\u00a0<span style=\"color: #ff0000;\">Anmeldung\u00a0Berufsschule erfolgt \u00fcber\u00a0das Amt f\u00fcr Berufsbildung<\/span><br \/>\n<img loading=\"lazy\" decoding=\"async\" class=\"alignnone size-full wp-image-255\" src=\"https:\/\/www.kbs-schwyz.ch\/berufsschule\/wp-content\/uploads\/2016\/08\/aufzaehlungspunkt-e1481745336902.jpg\" alt=\"\" width=\"10\" height=\"20\" \/> <a href=\"https:\/\/www.bds-fcs.ch\/\" target=\"_blank\" rel=\"noopener noreferrer\">Bildung Detailhandel Schweiz<\/a><br \/>\n<img loading=\"lazy\" decoding=\"async\" class=\"alignnone size-full wp-image-255\" src=\"https:\/\/www.kbs-schwyz.ch\/berufsschule\/wp-content\/uploads\/2016\/08\/aufzaehlungspunkt-e1481745336902.jpg\" alt=\"\" width=\"10\" height=\"20\" \/> <a href=\"https:\/\/www.kbs-schwyz.ch\/berufsschule\/wp-content\/uploads\/2016\/12\/Arbeits-_und_Sozialverhalten.pdf\" target=\"_blank\" rel=\"noopener noreferrer\">Arbeits- und Sozialverhalten<\/a><br \/>\n<img loading=\"lazy\" decoding=\"async\" class=\"alignnone size-full wp-image-255\" src=\"https:\/\/www.kbs-schwyz.ch\/berufsschule\/wp-content\/uploads\/2016\/08\/aufzaehlungspunkt-e1481745336902.jpg\" alt=\"\" width=\"10\" height=\"20\" \/> <a href=\"https:\/\/www.bds-fcs.ch\/fachinformationen\/downloadcenter\/?L=0&amp;tx_bndownloadcenter_pi1%5Bkeywords%5D=Grundbildung&amp;tx_bndownloadcenter_pi1%5Baction%5D=data&amp;tx_bndownloadcenter_pi1%5Bcontroller%5D=Downloadcenter&amp;cHash=af1b3a83f522edb6b4d38dbf58164478\" target=\"_blank\" rel=\"noopener noreferrer\">Alle Informationen DA mit Suchfunktion<\/a><\/p>\n<\/div>\n<\/div><\/div><\/div><div id=\"pgc-92-3-1\"  class=\"panel-grid-cell\" ><div id=\"panel-92-3-1-0\" class=\"so-panel widget widget_sow-editor panel-first-child panel-last-child\" data-index=\"4\" ><div\n\t\t\t\n\t\t\tclass=\"so-widget-sow-editor so-widget-sow-editor-base\"\n\t\t\t\n\t\t><h3 class=\"widget-title\">Leistungsziele, Bildungspl\u00e4ne, Stundentafel und Qualifikationsverfahren<\/h3>\n<div class=\"siteorigin-widget-tinymce textwidget\">\n\t<p><img loading=\"lazy\" decoding=\"async\" class=\"alignnone size-full wp-image-255\" src=\"https:\/\/www.kbs-schwyz.ch\/berufsschule\/wp-content\/uploads\/2016\/08\/aufzaehlungspunkt-e1481745336902.jpg\" alt=\"\" width=\"10\" height=\"20\" \/> <a href=\"https:\/\/www.alt.bds-fcs.ch\/fileadmin\/Downloadcenter-DE\/010-Grundbildung\/020-Detailhandelsassistent_slash_in\/020-Bildungsplan\/010-Teil_A_Kompetenzen__auf_Leistungsziele_zu_\/010-Leistungsziele_Betrieb\/020-Leistungsziele_Betrieb_ab_GB_2012_d.pdf\" target=\"_blank\" rel=\"noopener\">Leistungsziele Betrieb<\/a><br \/>\n<img loading=\"lazy\" decoding=\"async\" class=\"alignnone size-full wp-image-255\" src=\"https:\/\/www.kbs-schwyz.ch\/berufsschule\/wp-content\/uploads\/2016\/08\/aufzaehlungspunkt-e1481745336902.jpg\" alt=\"\" width=\"10\" height=\"20\" \/> <a href=\"https:\/\/www.alt.bds-fcs.ch\/fileadmin\/Downloadcenter-DE\/010-Grundbildung\/050-Qualifikationsverfahren\/030-Pr_ue_fungsrichtlinien_und_Vorlagen\/030-Detailhandelsassistenten\/025-SPK_DHA_Notenformular_ab_QV_2020_d.pdf\" target=\"_blank\" rel=\"noopener\">QV-Notenformular ab 2020<\/a><br \/>\n<img loading=\"lazy\" decoding=\"async\" class=\"alignnone size-full wp-image-255\" src=\"https:\/\/www.kbs-schwyz.ch\/berufsschule\/wp-content\/uploads\/2016\/08\/aufzaehlungspunkt-e1481745336902.jpg\" alt=\"\" width=\"10\" height=\"20\" \/> <a href=\"https:\/\/www.alt.bds-fcs.ch\/fileadmin\/Downloadcenter-DE\/010-Grundbildung\/020-Detailhandelsassistent_slash_in\/020-Bildungsplan\/010-Teil_A_Kompetenzen__auf_Leistungsziele_zu_\/040-Leistungsziele_Berufsfachschule\/020-LZ_Schule-DE_170807_Definitivum.pdf\" target=\"_blank\" rel=\"noopener\">Schulische Leistungsziele ab 2018<\/a><br \/>\n<img loading=\"lazy\" decoding=\"async\" class=\"alignnone size-full wp-image-255\" src=\"https:\/\/www.kbs-schwyz.ch\/berufsschule\/wp-content\/uploads\/2016\/08\/aufzaehlungspunkt-e1481745336902.jpg\" alt=\"\" width=\"10\" height=\"20\" \/> <a href=\"https:\/\/www.kbs-schwyz.ch\/berufsschule\/wp-content\/uploads\/2017\/01\/Stundentafel_Detailhandelsassistenten.pdf\" target=\"_blank\" rel=\"noopener noreferrer\">Stundentafel<\/a><br \/>\n<img loading=\"lazy\" decoding=\"async\" class=\"alignnone size-full wp-image-255\" src=\"https:\/\/www.kbs-schwyz.ch\/berufsschule\/wp-content\/uploads\/2016\/08\/aufzaehlungspunkt-e1481745336902.jpg\" alt=\"\" width=\"10\" height=\"20\" \/> <a href=\"https:\/\/www.alt.bds-fcs.ch\/fileadmin\/Downloadcenter-DE\/010-Grundbildung\/020-Detailhandelsassistent_slash_in\/020-Bildungsplan\/010-Teil_A_Kompetenzen__auf_Leistungsziele_zu_\/040-Leistungsziele_Berufsfachschule\/020-LZ_Schule-DE_170807_Definitivum.pdf\" target=\"_blank\" rel=\"noopener\">Notenbild und Bewertung ab 2020\u00a0<\/a><br \/>\n<img loading=\"lazy\" decoding=\"async\" class=\"alignnone size-full wp-image-255\" src=\"https:\/\/www.kbs-schwyz.ch\/berufsschule\/wp-content\/uploads\/2016\/08\/aufzaehlungspunkt-e1481745336902.jpg\" alt=\"\" width=\"10\" height=\"20\" \/> <a href=\"https:\/\/www.alt.bds-fcs.ch\/fachinformationen\/downloadcenter\/?tx_bndownloadcenter_pi1%5Bkeywords%5D=Pr%C3%BCfungsserien&amp;tx_bndownloadcenter_pi1%5Baction%5D=data&amp;tx_bndownloadcenter_pi1%5Bcontroller%5D=Downloadcenter&amp;cHash=2983e897a7e91e8a0dddfecec65f7319\" target=\"_blank\" rel=\"noopener\">Downloadcenter BDS zur aktuellen Ausbildung<\/a><br \/>\n<img loading=\"lazy\" decoding=\"async\" class=\"alignnone size-full wp-image-255\" src=\"https:\/\/www.kbs-schwyz.ch\/berufsschule\/wp-content\/uploads\/2016\/08\/aufzaehlungspunkt-e1481745336902.jpg\" alt=\"\" width=\"10\" height=\"20\" \/> <a href=\"https:\/\/www.alt.bds-fcs.ch\/fachinformationen\/downloadcenter\/?tx_bndownloadcenter_pi1%5Bkeywords%5D=Pr%C3%BCfungsserien&amp;tx_bndownloadcenter_pi1%5Baction%5D=data&amp;tx_bndownloadcenter_pi1%5Bcontroller%5D=Downloadcenter&amp;cHash=2983e897a7e91e8a0dddfecec65f7319\" target=\"_blank\" rel=\"noopener\">Nullserien<\/a><br \/>\n<img loading=\"lazy\" decoding=\"async\" class=\"alignnone size-full wp-image-255\" src=\"https:\/\/www.kbs-schwyz.ch\/berufsschule\/wp-content\/uploads\/2016\/08\/aufzaehlungspunkt-e1481745336902.jpg\" alt=\"\" width=\"10\" height=\"20\" \/> <a href=\"https:\/\/www.alt.bds-fcs.ch\/fachinformationen\/downloadcenter\/?tx_bndownloadcenter_pi1%5Bkeywords%5D=Pr%C3%BCfungsserien&amp;tx_bndownloadcenter_pi1%5Baction%5D=data&amp;tx_bndownloadcenter_pi1%5Bcontroller%5D=Downloadcenter&amp;cHash=2983e897a7e91e8a0dddfecec65f7319\" target=\"_blank\" rel=\"noopener\">BDS-Reform (ab 2022)<\/a><br \/>\n<img loading=\"lazy\" decoding=\"async\" class=\"alignnone size-full wp-image-255\" src=\"https:\/\/www.kbs-schwyz.ch\/berufsschule\/wp-content\/uploads\/2016\/08\/aufzaehlungspunkt-e1481745336902.jpg\" alt=\"\" width=\"10\" height=\"20\" \/> <a href=\"https:\/\/view.officeapps.live.com\/op\/view.aspx?src=https%3A%2F%2Fwww.alt.bds-fcs.ch%2Ffileadmin%2FDownloadcenter-DE%2Fuser_upload%2FQV2020-Notenrechner_DHF.xlsx&amp;wdOrigin=BROWSELINK\" target=\"_blank\" rel=\"noopener\">QV2020-Notenrechner<\/a><\/p>\n<\/div>\n<\/div><\/div><\/div><\/div><\/div>","protected":false},"excerpt":{"rendered":"<p>Detailhandelsassistenten und -assistentinnen beraten, unterst\u00fctzen und bedienen Kundinnen und Kunden auf unterschiedlichen Kommunikationskan\u00e4len. Sie f\u00fchren Beratungs- und Verkaufsgespr\u00e4che in der lokalen Landessprache und in einer Fremdsprache. Zudem arbeiten sie unter Anleitung in Betriebs- und Warenbewirtschaftungsprozessen mit. Diese Grundbildung ist auf <a class=\"more-link\" href=\"https:\/\/www.kbs-schwyz.ch\/berufsschule\/detailhandelsassistenten\/\">weiterlesen&#8230;<\/a><\/p>\n","protected":false},"author":1,"featured_media":0,"parent":0,"menu_order":9,"comment_status":"closed","ping_status":"closed","template":"","meta":{"footnotes":""},"class_list":["post-92","page","type-page","status-publish","hentry"],"_links":{"self":[{"href":"https:\/\/www.kbs-schwyz.ch\/berufsschule\/wp-json\/wp\/v2\/pages\/92","targetHints":{"allow":["GET"]}}],"collection":[{"href":"https:\/\/www.kbs-schwyz.ch\/berufsschule\/wp-json\/wp\/v2\/pages"}],"about":[{"href":"https:\/\/www.kbs-schwyz.ch\/berufsschule\/wp-json\/wp\/v2\/types\/page"}],"author":[{"embeddable":true,"href":"https:\/\/www.kbs-schwyz.ch\/berufsschule\/wp-json\/wp\/v2\/users\/1"}],"replies":[{"embeddable":true,"href":"https:\/\/www.kbs-schwyz.ch\/berufsschule\/wp-json\/wp\/v2\/comments?post=92"}],"version-history":[{"count":71,"href":"https:\/\/www.kbs-schwyz.ch\/berufsschule\/wp-json\/wp\/v2\/pages\/92\/revisions"}],"predecessor-version":[{"id":4428,"href":"https:\/\/www.kbs-schwyz.ch\/berufsschule\/wp-json\/wp\/v2\/pages\/92\/revisions\/4428"}],"wp:attachment":[{"href":"https:\/\/www.kbs-schwyz.ch\/berufsschule\/wp-json\/wp\/v2\/media?parent=92"}],"curies":[{"name":"wp","href":"https:\/\/api.w.org\/{rel}","templated":true}]}}